{"id":18412,"date":"2022-10-04T19:00:10","date_gmt":"2022-10-04T19:00:10","guid":{"rendered":"https:\/\/www.9septembar.com\/?page_id=18412"},"modified":"2022-11-24T09:50:37","modified_gmt":"2022-11-24T09:50:37","slug":"company-copy-copy","status":"publish","type":"page","link":"https:\/\/www.9septembar.com\/?page_id=18412&lang=es","title":{"rendered":"Company ESP"},"content":{"rendered":"<div class=\"vgblk-rw-wrapper limit-wrapper\">\r\n<h2>40 a\u00f1os de \u00e9xito<\/h2>\r\n<p>La compa\u00f1\u00eda 9.Septembar &#8211; Tissue Converting fue fundada el 9 de septiembre de 1982 en Cacak, Serbia. Cuatro amigos unieron fuerzas con una idea para mejorar la forma en que se construyen las l\u00edneas de producci\u00f3n automatizadas. Comenzaron en un garaje, con mucha experiencia, ideas y sue\u00f1os de revolucionar la forma en que ciertas industrias producen sus productos.<\/p>\r\n<p>De una peque\u00f1a tienda, que lleva el nombre de la fecha de su creaci\u00f3n, hemos pasado a ser una empresa desarrollada que act\u00faa en prestigiosas ferias mundiales.<\/p>\r\n<p>Desde entonces, hemos estado actualizando nuestras operaciones para reflejar los desarrollos modernos en el paradigma empresarial, construido en torno a altos est\u00e1ndares, mejora continua y expansi\u00f3n de la gama de productos. Nos hemos mantenido al tanto de las nuevas tendencias e introducido nuevos procesos de fabricaci\u00f3n y sistemas de calidad para mejorar nuestra gama de productos.<\/p>\r\n<p>9.Septembar es muy respetado y ha construido una s\u00f3lida reputaci\u00f3n entre socios comerciales y clientes de todo el mundo. <strong>Nuestras m\u00e1quinas para servilletas y pa\u00f1uelos son marcas reconocibles al instante y se han convertido en sin\u00f3nimo de alta calidad.<\/strong><\/p>\r\n<h3>Nuestra misi\u00f3n est\u00e1 clara<\/h3>\r\n<p>Nuestra misi\u00f3n est\u00e1 impulsada por el deseo de ofrecer a nuestros clientes una calidad superior a precios razonables. Al mantenernos al d\u00eda con las tendencias en el mercado de los productos finales, podemos ofrecer soluciones innovadoras a nuestros clientes, ayud\u00e1ndolos as\u00ed a convertirse en l\u00edderes del mercado.<\/p>\r\n<h3>Nuestra visi\u00f3n<\/h3>\r\n<p>Nuestro objetivo principal es garantizar que &#8220;9. Septembar&#8221; siga creciendo y desarroll\u00e1ndose. Tenemos la intenci\u00f3n de ampliar nuestra red de producci\u00f3n, ingresar a nuevos mercados y mantener nuestro liderazgo en el mercado de productos de papel.<\/p>\r\n<p>Tambi\u00e9n aspiramos a crecer internamente y atraer a personas j\u00f3venes y ambiciosas, especialmente ingenieros, para que se unan a nuestro equipo e impulsen el equipo de desarrollo de la empresa para alcanzar la cima de la excelencia. Tambi\u00e9n tenemos la intenci\u00f3n de ampliar nuestras instalaciones de producci\u00f3n.<\/p>\r\n<h3>Nuestro equipo<\/h3>\r\n<p>Nuestra dedicaci\u00f3n incansable a la calidad requiere un nivel excepcional de conocimiento y experiencia, para asegurarnos de que estemos perfectamente posicionados para satisfacer plenamente la demanda del mercado. Por esta raz\u00f3n, nuestros 130 empleados continuamente perfeccionan y mejoran sus habilidades profesionales.<\/p>\r\n<p>Nuestro equipo de desarrollo e innovaciones incluye 22 ingenieros mec\u00e1nicos y el\u00e9ctricos altamente calificados. Su presencia es la mejor garant\u00eda del futuro progreso y del \u00e9xito de nuestra empresa. Desde la fundaci\u00f3n de la empresa hasta nuestros d\u00edas, nuestro modelo de negocio se basa en la absoluta satisfacci\u00f3n de nuestros clientes. Ofrecemos la mejor relaci\u00f3n calidad-precio a nuestros clientes.<\/p>\r\n<p>Proporcionamos <strong>soluciones personalizadas<\/strong>, gracias a nuestra &#8220;ventanilla \u00fanica&#8221; con unidades funcionales integrados:<\/p>\r\n<p>\u2022 Dise\u00f1o y desarrollo<br \/>\u2022 Fabricaci\u00f3n de todo tipo de recambios<br \/>\u2022 Montaje e instalaci\u00f3n<br \/>\u2022 Compras y control de calidad<br \/>\u2022 Programaci\u00f3n y desarrollo de software<br \/>\u2022 Mantenimiento<br \/>\u2022 Soporte t\u00e9cnico las 24 horas del d\u00eda<\/p>\r\n<\/div><!-- .vgblk-rw-wrapper -->","protected":false},"excerpt":{"rendered":"<p>40 a\u00f1os de \u00e9xito La compa\u00f1\u00eda 9.Septembar &#8211; Tissue Converting fue fundada el 9 de septiembre de 1982 en Cacak, Serbia. Cuatro amigos unieron fuerzas con una idea para mejorar la forma en que se construyen las l\u00edneas de producci\u00f3n automatizadas. Comenzaron en un garaje, con mucha experiencia, ideas y sue\u00f1os de revolucionar la forma&#8230;<\/p>\n","protected":false},"author":1,"featured_media":0,"parent":0,"menu_order":0,"comment_status":"closed","ping_status":"closed","template":"","meta":{"inline_featured_image":false,"footnotes":""},"class_list":["post-18412","page","type-page","status-publish","hentry"],"yoast_head":"<!-- This site is optimized with the Yoast SEO plugin v18.5.1 - https:\/\/yoast.com\/wordpress\/plugins\/seo\/ -->\n<title>Company ESP - 9.septembar<\/title>\n<meta name=\"robots\" content=\"index, follow, max-snippet:-1, max-image-preview:large, max-video-preview:-1\" \/>\n<link rel=\"canonical\" href=\"https:\/\/www.9septembar.com\/?page_id=18412&#038;lang=es\" \/>\n<meta property=\"og:locale\" content=\"en_US\" \/>\n<meta property=\"og:type\" content=\"article\" \/>\n<meta property=\"og:title\" content=\"Company ESP - 9.septembar\" \/>\n<meta property=\"og:description\" content=\"40 a\u00f1os de \u00e9xito La compa\u00f1\u00eda 9.Septembar &#8211; Tissue Converting fue fundada el 9 de septiembre de 1982 en Cacak, Serbia. Cuatro amigos unieron fuerzas con una idea para mejorar la forma en que se construyen las l\u00edneas de producci\u00f3n automatizadas. Comenzaron en un garaje, con mucha experiencia, ideas y sue\u00f1os de revolucionar la forma...\" \/>\n<meta property=\"og:url\" content=\"https:\/\/www.9septembar.com\/?page_id=18412&amp;lang=es\" \/>\n<meta property=\"og:site_name\" content=\"9.septembar\" \/>\n<meta property=\"article:modified_time\" content=\"2022-11-24T09:50:37+00:00\" \/>\n<meta name=\"twitter:card\" content=\"summary_large_image\" \/>\n<meta name=\"twitter:label1\" content=\"Est. reading time\" \/>\n\t<meta name=\"twitter:data1\" content=\"3 minutes\" \/>\n<script type=\"application\/ld+json\" class=\"yoast-schema-graph\">{\"@context\":\"https:\/\/schema.org\",\"@graph\":[{\"@type\":\"WebSite\",\"@id\":\"https:\/\/www.9septembar.com\/#website\",\"url\":\"https:\/\/www.9septembar.com\/\",\"name\":\"9.septembar\",\"description\":\"\",\"potentialAction\":[{\"@type\":\"SearchAction\",\"target\":{\"@type\":\"EntryPoint\",\"urlTemplate\":\"https:\/\/www.9septembar.com\/?s={search_term_string}\"},\"query-input\":\"required name=search_term_string\"}],\"inLanguage\":\"en-US\"},{\"@type\":\"WebPage\",\"@id\":\"https:\/\/www.9septembar.com\/?page_id=18412&lang=es#webpage\",\"url\":\"https:\/\/www.9septembar.com\/?page_id=18412&lang=es\",\"name\":\"Company ESP - 9.septembar\",\"isPartOf\":{\"@id\":\"https:\/\/www.9septembar.com\/#website\"},\"datePublished\":\"2022-10-04T19:00:10+00:00\",\"dateModified\":\"2022-11-24T09:50:37+00:00\",\"breadcrumb\":{\"@id\":\"https:\/\/www.9septembar.com\/?page_id=18412&lang=es#breadcrumb\"},\"inLanguage\":\"en-US\",\"potentialAction\":[{\"@type\":\"ReadAction\",\"target\":[\"https:\/\/www.9septembar.com\/?page_id=18412&lang=es\"]}]},{\"@type\":\"BreadcrumbList\",\"@id\":\"https:\/\/www.9septembar.com\/?page_id=18412&lang=es#breadcrumb\",\"itemListElement\":[{\"@type\":\"ListItem\",\"position\":1,\"name\":\"Home\",\"item\":\"https:\/\/www.9septembar.com\/?page_id=19116&lang=pt\"},{\"@type\":\"ListItem\",\"position\":2,\"name\":\"Company ESP\"}]}]}<\/script>\n<!-- \/ Yoast SEO plugin. -->","yoast_head_json":{"title":"Company ESP - 9.septembar","robots":{"index":"index","follow":"follow","max-snippet":"max-snippet:-1","max-image-preview":"max-image-preview:large","max-video-preview":"max-video-preview:-1"},"canonical":"https:\/\/www.9septembar.com\/?page_id=18412&lang=es","og_locale":"en_US","og_type":"article","og_title":"Company ESP - 9.septembar","og_description":"40 a\u00f1os de \u00e9xito La compa\u00f1\u00eda 9.Septembar &#8211; Tissue Converting fue fundada el 9 de septiembre de 1982 en Cacak, Serbia. Cuatro amigos unieron fuerzas con una idea para mejorar la forma en que se construyen las l\u00edneas de producci\u00f3n automatizadas. Comenzaron en un garaje, con mucha experiencia, ideas y sue\u00f1os de revolucionar la forma...","og_url":"https:\/\/www.9septembar.com\/?page_id=18412&lang=es","og_site_name":"9.septembar","article_modified_time":"2022-11-24T09:50:37+00:00","twitter_card":"summary_large_image","twitter_misc":{"Est. reading time":"3 minutes"},"schema":{"@context":"https:\/\/schema.org","@graph":[{"@type":"WebSite","@id":"https:\/\/www.9septembar.com\/#website","url":"https:\/\/www.9septembar.com\/","name":"9.septembar","description":"","potentialAction":[{"@type":"SearchAction","target":{"@type":"EntryPoint","urlTemplate":"https:\/\/www.9septembar.com\/?s={search_term_string}"},"query-input":"required name=search_term_string"}],"inLanguage":"en-US"},{"@type":"WebPage","@id":"https:\/\/www.9septembar.com\/?page_id=18412&lang=es#webpage","url":"https:\/\/www.9septembar.com\/?page_id=18412&lang=es","name":"Company ESP - 9.septembar","isPartOf":{"@id":"https:\/\/www.9septembar.com\/#website"},"datePublished":"2022-10-04T19:00:10+00:00","dateModified":"2022-11-24T09:50:37+00:00","breadcrumb":{"@id":"https:\/\/www.9septembar.com\/?page_id=18412&lang=es#breadcrumb"},"inLanguage":"en-US","potentialAction":[{"@type":"ReadAction","target":["https:\/\/www.9septembar.com\/?page_id=18412&lang=es"]}]},{"@type":"BreadcrumbList","@id":"https:\/\/www.9septembar.com\/?page_id=18412&lang=es#breadcrumb","itemListElement":[{"@type":"ListItem","position":1,"name":"Home","item":"https:\/\/www.9septembar.com\/?page_id=19116&lang=pt"},{"@type":"ListItem","position":2,"name":"Company ESP"}]}]}},"jetpack_sharing_enabled":true,"_links":{"self":[{"href":"https:\/\/www.9septembar.com\/index.php?rest_route=\/wp\/v2\/pages\/18412","targetHints":{"allow":["GET"]}}],"collection":[{"href":"https:\/\/www.9septembar.com\/index.php?rest_route=\/wp\/v2\/pages"}],"about":[{"href":"https:\/\/www.9septembar.com\/index.php?rest_route=\/wp\/v2\/types\/page"}],"author":[{"embeddable":true,"href":"https:\/\/www.9septembar.com\/index.php?rest_route=\/wp\/v2\/users\/1"}],"replies":[{"embeddable":true,"href":"https:\/\/www.9septembar.com\/index.php?rest_route=%2Fwp%2Fv2%2Fcomments&post=18412"}],"version-history":[{"count":4,"href":"https:\/\/www.9septembar.com\/index.php?rest_route=\/wp\/v2\/pages\/18412\/revisions"}],"predecessor-version":[{"id":18414,"href":"https:\/\/www.9septembar.com\/index.php?rest_route=\/wp\/v2\/pages\/18412\/revisions\/18414"}],"wp:attachment":[{"href":"https:\/\/www.9septembar.com\/index.php?rest_route=%2Fwp%2Fv2%2Fmedia&parent=18412"}],"curies":[{"name":"wp","href":"https:\/\/api.w.org\/{rel}","templated":true}]}}