{"id":18532,"date":"2022-10-08T11:32:39","date_gmt":"2022-10-08T11:32:39","guid":{"rendered":"https:\/\/www.9septembar.com\/?page_id=18532"},"modified":"2022-10-08T13:45:02","modified_gmt":"2022-10-08T13:45:02","slug":"rewinder-slitter-copy","status":"publish","type":"page","link":"https:\/\/www.9septembar.com\/?page_id=18532&lang=es","title":{"rendered":"ReWinder &#038; Slitter ESP"},"content":{"rendered":"<div class=\"vgblk-rw-wrapper limit-wrapper\">\r\n<h2>\r\n\tInformaci\u00f3n<br \/><strong>t\u00e9cnica<\/strong>\r\n\t<\/h2>\r\n\t<ul>\r\n<li>Convertir rollos madres, hasta 2800 mm de anchura, en los productos manejables y sellables<\/li>\r\n<li>Los productos finales son rollos de excelente calidad preparados para la conversi\u00f3n y el env\u00edo<\/li>\r\n<li>La ventaja de reducci\u00f3n de gastos a\u00fan antes del comienzo del proceso de la conversi\u00f3n<strong>\u00a0<\/strong><\/li>\r\n<\/ul>\r\n\t<p><strong>N\u00famero de desbobinadoras:<\/strong> 1, 2 o 3<\/p>\r\n<p><strong>Anchura del rodillo principal:<\/strong> hasta 2800 mm<\/p>\r\n<p><strong>Di\u00e1metro de la bobina madre:<\/strong> hasta 2500 mm<\/p>\r\n<p><strong>Di\u00e1metro de rebobinado (salida):<\/strong> hasta 1600 mm<\/p>\r\n<p><strong>Ancho del corte:<\/strong> min 60 mm<\/p>\r\n<p><strong>Control autom\u00e1tico de la tensi\u00f3n<\/strong><\/p>\r\n<p><strong>Soportes de cuchillas neum\u00e1ticos para el ajuste f\u00e1cil del corte<\/strong><\/p>\r\n<p><strong>Sistema de manejo de rodillos hidr\u00e1ulicos<\/strong><\/p>\r\n<p><strong>Corte:<\/strong> cualitativamente limpio<\/p>\r\n<p><strong>Potencia instalada:<\/strong> 100kW<\/p>\r\n<p><strong>Consumo de aire comprimido:<\/strong> 1000 l \/ min (6 bar)<\/p>\r\n\t<iframe loading=\"lazy\" title=\"Reslit\" width=\"1260\" height=\"709\" src=\"https:\/\/www.youtube.com\/embed\/3xLwWTa_ZIE?feature=oembed\" frameborder=\"0\" allow=\"accelerometer; autoplay; clipboard-write; encrypted-media; gyroscope; picture-in-picture\" allowfullscreen><\/iframe>\r\n\t<p><\/p>\r\n<div class=\"tiled-gallery type-rectangular tiled-gallery-unresized\" data-original-width=\"1260\" data-carousel-extra='{&quot;blog_id&quot;:1,&quot;permalink&quot;:&quot;https:\\\/\\\/www.9septembar.com\\\/?page_id=18532\\u0026lang=es&quot;,&quot;likes_blog_id&quot;:false}' itemscope itemtype=\"http:\/\/schema.org\/ImageGallery\" > <div class=\"gallery-row\" style=\"width: 1260px; height: 562px;\" data-original-width=\"1260\" data-original-height=\"562\" > <div class=\"gallery-group images-1\" style=\"width: 841px; height: 562px;\" data-original-width=\"841\" data-original-height=\"562\" > <div class=\"tiled-gallery-item tiled-gallery-item-large\" itemprop=\"associatedMedia\" itemscope itemtype=\"http:\/\/schema.org\/ImageObject\"> <meta itemprop=\"width\" content=\"837\"> <meta itemprop=\"height\" content=\"558\"> <img loading=\"lazy\" decoding=\"async\" data-attachment-id=\"17852\" data-orig-file=\"https:\/\/www.9septembar.com\/wp-content\/uploads\/2021\/12\/ReSlit-00.jpg\" data-orig-size=\"1000,667\" data-comments-opened=\"\" data-image-meta=\"{&quot;aperture&quot;:&quot;0&quot;,&quot;credit&quot;:&quot;&quot;,&quot;camera&quot;:&quot;&quot;,&quot;caption&quot;:&quot;&quot;,&quot;created_timestamp&quot;:&quot;0&quot;,&quot;copyright&quot;:&quot;&quot;,&quot;focal_length&quot;:&quot;0&quot;,&quot;iso&quot;:&quot;0&quot;,&quot;shutter_speed&quot;:&quot;0&quot;,&quot;title&quot;:&quot;&quot;,&quot;orientation&quot;:&quot;0&quot;}\" data-image-title=\"ReSlit-00\" data-image-description=\"\" data-medium-file=\"https:\/\/www.9septembar.com\/wp-content\/uploads\/2021\/12\/ReSlit-00-300x200.jpg\" data-large-file=\"https:\/\/www.9septembar.com\/wp-content\/uploads\/2021\/12\/ReSlit-00.jpg\" src=\"https:\/\/www.9septembar.com\/wp-content\/uploads\/2021\/12\/ReSlit-00.jpg\" srcset=\"data:image\/svg+xml;utf8,&lt;svg%20xmlns=&quot;http:\/\/www.w3.org\/2000\/svg&quot;%20viewBox=&quot;0%200%201000%20667&quot;%20height=&quot;667px&quot;%20width=&quot;1000px&quot;\/&gt;\" data-srcset=\"https:\/\/www.9septembar.com\/wp-content\/uploads\/2021\/12\/ReSlit-00.jpg 1000w, https:\/\/www.9septembar.com\/wp-content\/uploads\/2021\/12\/ReSlit-00-300x200.jpg 300w, https:\/\/www.9septembar.com\/wp-content\/uploads\/2021\/12\/ReSlit-00-768x512.jpg 768w, https:\/\/www.9septembar.com\/wp-content\/uploads\/2021\/12\/ReSlit-00-630x420.jpg 630w, https:\/\/www.9septembar.com\/wp-content\/uploads\/2021\/12\/ReSlit-00-420x280.jpg 420w, https:\/\/www.9septembar.com\/wp-content\/uploads\/2021\/12\/ReSlit-00-840x560.jpg 840w, https:\/\/www.9septembar.com\/wp-content\/uploads\/2021\/12\/ReSlit-00-315x210.jpg 315w\" sizes=\"auto, (max-width: 837px) 100vw, 837px\" width=\"837\" height=\"558\" data-original-width=\"837\" data-original-height=\"558\" itemprop=\"http:\/\/schema.org\/image\" title=\"ReSlit-00\" alt=\"ReSlit-00\" style=\"width: 837px; height: 558px;\" \/> <\/div> <\/div> <!-- close group --> <div class=\"gallery-group images-2\" style=\"width: 419px; height: 562px;\" data-original-width=\"419\" data-original-height=\"562\" > <div class=\"tiled-gallery-item tiled-gallery-item-large\" itemprop=\"associatedMedia\" itemscope itemtype=\"http:\/\/schema.org\/ImageObject\"> <meta itemprop=\"width\" content=\"415\"> <meta itemprop=\"height\" content=\"277\"> <img loading=\"lazy\" decoding=\"async\" data-attachment-id=\"17853\" data-orig-file=\"https:\/\/www.9septembar.com\/wp-content\/uploads\/2021\/12\/ReSlit-01.jpg\" data-orig-size=\"1000,667\" data-comments-opened=\"\" data-image-meta=\"{&quot;aperture&quot;:&quot;0&quot;,&quot;credit&quot;:&quot;&quot;,&quot;camera&quot;:&quot;&quot;,&quot;caption&quot;:&quot;&quot;,&quot;created_timestamp&quot;:&quot;0&quot;,&quot;copyright&quot;:&quot;&quot;,&quot;focal_length&quot;:&quot;0&quot;,&quot;iso&quot;:&quot;0&quot;,&quot;shutter_speed&quot;:&quot;0&quot;,&quot;title&quot;:&quot;&quot;,&quot;orientation&quot;:&quot;0&quot;}\" data-image-title=\"ReSlit-01\" data-image-description=\"\" data-medium-file=\"https:\/\/www.9septembar.com\/wp-content\/uploads\/2021\/12\/ReSlit-01-300x200.jpg\" data-large-file=\"https:\/\/www.9septembar.com\/wp-content\/uploads\/2021\/12\/ReSlit-01.jpg\" src=\"https:\/\/www.9septembar.com\/wp-content\/uploads\/2021\/12\/ReSlit-01.jpg\" srcset=\"data:image\/svg+xml;utf8,&lt;svg%20xmlns=&quot;http:\/\/www.w3.org\/2000\/svg&quot;%20viewBox=&quot;0%200%201000%20667&quot;%20height=&quot;667px&quot;%20width=&quot;1000px&quot;\/&gt;\" data-srcset=\"https:\/\/www.9septembar.com\/wp-content\/uploads\/2021\/12\/ReSlit-01.jpg 1000w, https:\/\/www.9septembar.com\/wp-content\/uploads\/2021\/12\/ReSlit-01-300x200.jpg 300w, https:\/\/www.9septembar.com\/wp-content\/uploads\/2021\/12\/ReSlit-01-768x512.jpg 768w, https:\/\/www.9septembar.com\/wp-content\/uploads\/2021\/12\/ReSlit-01-630x420.jpg 630w, https:\/\/www.9septembar.com\/wp-content\/uploads\/2021\/12\/ReSlit-01-420x280.jpg 420w, https:\/\/www.9septembar.com\/wp-content\/uploads\/2021\/12\/ReSlit-01-840x560.jpg 840w, https:\/\/www.9septembar.com\/wp-content\/uploads\/2021\/12\/ReSlit-01-315x210.jpg 315w\" sizes=\"auto, (max-width: 415px) 100vw, 415px\" width=\"415\" height=\"277\" data-original-width=\"415\" data-original-height=\"277\" itemprop=\"http:\/\/schema.org\/image\" title=\"ReSlit-01\" alt=\"ReSlit-01\" style=\"width: 415px; height: 277px;\" \/> <\/div> <div class=\"tiled-gallery-item tiled-gallery-item-large\" itemprop=\"associatedMedia\" itemscope itemtype=\"http:\/\/schema.org\/ImageObject\"> <meta itemprop=\"width\" content=\"415\"> <meta itemprop=\"height\" content=\"277\"> <img loading=\"lazy\" decoding=\"async\" data-attachment-id=\"17854\" data-orig-file=\"https:\/\/www.9septembar.com\/wp-content\/uploads\/2021\/12\/ReSlit-02.jpg\" data-orig-size=\"1000,667\" data-comments-opened=\"\" data-image-meta=\"{&quot;aperture&quot;:&quot;0&quot;,&quot;credit&quot;:&quot;&quot;,&quot;camera&quot;:&quot;&quot;,&quot;caption&quot;:&quot;&quot;,&quot;created_timestamp&quot;:&quot;0&quot;,&quot;copyright&quot;:&quot;&quot;,&quot;focal_length&quot;:&quot;0&quot;,&quot;iso&quot;:&quot;0&quot;,&quot;shutter_speed&quot;:&quot;0&quot;,&quot;title&quot;:&quot;&quot;,&quot;orientation&quot;:&quot;0&quot;}\" data-image-title=\"ReSlit-02\" data-image-description=\"\" data-medium-file=\"https:\/\/www.9septembar.com\/wp-content\/uploads\/2021\/12\/ReSlit-02-300x200.jpg\" data-large-file=\"https:\/\/www.9septembar.com\/wp-content\/uploads\/2021\/12\/ReSlit-02.jpg\" src=\"https:\/\/www.9septembar.com\/wp-content\/uploads\/2021\/12\/ReSlit-02.jpg\" srcset=\"data:image\/svg+xml;utf8,&lt;svg%20xmlns=&quot;http:\/\/www.w3.org\/2000\/svg&quot;%20viewBox=&quot;0%200%201000%20667&quot;%20height=&quot;667px&quot;%20width=&quot;1000px&quot;\/&gt;\" data-srcset=\"https:\/\/www.9septembar.com\/wp-content\/uploads\/2021\/12\/ReSlit-02.jpg 1000w, https:\/\/www.9septembar.com\/wp-content\/uploads\/2021\/12\/ReSlit-02-300x200.jpg 300w, https:\/\/www.9septembar.com\/wp-content\/uploads\/2021\/12\/ReSlit-02-768x512.jpg 768w, https:\/\/www.9septembar.com\/wp-content\/uploads\/2021\/12\/ReSlit-02-630x420.jpg 630w, https:\/\/www.9septembar.com\/wp-content\/uploads\/2021\/12\/ReSlit-02-420x280.jpg 420w, https:\/\/www.9septembar.com\/wp-content\/uploads\/2021\/12\/ReSlit-02-840x560.jpg 840w, https:\/\/www.9septembar.com\/wp-content\/uploads\/2021\/12\/ReSlit-02-315x210.jpg 315w\" sizes=\"auto, (max-width: 415px) 100vw, 415px\" width=\"415\" height=\"277\" data-original-width=\"415\" data-original-height=\"277\" itemprop=\"http:\/\/schema.org\/image\" title=\"ReSlit-02\" alt=\"ReSlit-02\" style=\"width: 415px; height: 277px;\" \/> <\/div> <\/div> <!-- close group --> <\/div> <!-- close row --> <div class=\"gallery-row\" style=\"width: 1260px; height: 842px;\" data-original-width=\"1260\" data-original-height=\"842\" > <div class=\"gallery-group images-1\" style=\"width: 1260px; height: 842px;\" data-original-width=\"1260\" data-original-height=\"842\" > <div class=\"tiled-gallery-item tiled-gallery-item-large\" itemprop=\"associatedMedia\" itemscope itemtype=\"http:\/\/schema.org\/ImageObject\"> <meta itemprop=\"width\" content=\"1256\"> <meta itemprop=\"height\" content=\"838\"> <img loading=\"lazy\" decoding=\"async\" data-attachment-id=\"17855\" data-orig-file=\"https:\/\/www.9septembar.com\/wp-content\/uploads\/2021\/12\/ReSlit-03.jpg\" data-orig-size=\"1000,667\" data-comments-opened=\"\" data-image-meta=\"{&quot;aperture&quot;:&quot;0&quot;,&quot;credit&quot;:&quot;&quot;,&quot;camera&quot;:&quot;&quot;,&quot;caption&quot;:&quot;&quot;,&quot;created_timestamp&quot;:&quot;0&quot;,&quot;copyright&quot;:&quot;&quot;,&quot;focal_length&quot;:&quot;0&quot;,&quot;iso&quot;:&quot;0&quot;,&quot;shutter_speed&quot;:&quot;0&quot;,&quot;title&quot;:&quot;&quot;,&quot;orientation&quot;:&quot;0&quot;}\" data-image-title=\"ReSlit-03\" data-image-description=\"\" data-medium-file=\"https:\/\/www.9septembar.com\/wp-content\/uploads\/2021\/12\/ReSlit-03-300x200.jpg\" data-large-file=\"https:\/\/www.9septembar.com\/wp-content\/uploads\/2021\/12\/ReSlit-03.jpg\" src=\"https:\/\/www.9septembar.com\/wp-content\/uploads\/2021\/12\/ReSlit-03.jpg\" srcset=\"data:image\/svg+xml;utf8,&lt;svg%20xmlns=&quot;http:\/\/www.w3.org\/2000\/svg&quot;%20viewBox=&quot;0%200%201000%20667&quot;%20height=&quot;667px&quot;%20width=&quot;1000px&quot;\/&gt;\" data-srcset=\"https:\/\/www.9septembar.com\/wp-content\/uploads\/2021\/12\/ReSlit-03.jpg 1000w, https:\/\/www.9septembar.com\/wp-content\/uploads\/2021\/12\/ReSlit-03-300x200.jpg 300w, https:\/\/www.9septembar.com\/wp-content\/uploads\/2021\/12\/ReSlit-03-768x512.jpg 768w, https:\/\/www.9septembar.com\/wp-content\/uploads\/2021\/12\/ReSlit-03-630x420.jpg 630w, https:\/\/www.9septembar.com\/wp-content\/uploads\/2021\/12\/ReSlit-03-420x280.jpg 420w, https:\/\/www.9septembar.com\/wp-content\/uploads\/2021\/12\/ReSlit-03-840x560.jpg 840w, https:\/\/www.9septembar.com\/wp-content\/uploads\/2021\/12\/ReSlit-03-315x210.jpg 315w\" sizes=\"auto, (max-width: 1256px) 100vw, 1256px\" width=\"1256\" height=\"838\" data-original-width=\"1256\" data-original-height=\"838\" itemprop=\"http:\/\/schema.org\/image\" title=\"ReSlit-03\" alt=\"ReSlit-03\" style=\"width: 1256px; height: 838px;\" \/> <\/div> <\/div> <!-- close group --> <\/div> <!-- close row --> <\/div>\r\n<p><\/p>\r\n\r\n<\/div><!-- .vgblk-rw-wrapper -->","protected":false},"excerpt":{"rendered":"","protected":false},"author":1,"featured_media":0,"parent":0,"menu_order":0,"comment_status":"closed","ping_status":"closed","template":"","meta":{"inline_featured_image":false,"footnotes":""},"class_list":["post-18532","page","type-page","status-publish","hentry"],"yoast_head":"<!-- This site is optimized with the Yoast SEO plugin v18.5.1 - https:\/\/yoast.com\/wordpress\/plugins\/seo\/ -->\n<title>ReWinder &amp; Slitter ESP - 9.septembar<\/title>\n<meta name=\"robots\" content=\"index, follow, max-snippet:-1, max-image-preview:large, max-video-preview:-1\" \/>\n<link rel=\"canonical\" href=\"https:\/\/www.9septembar.com\/?page_id=18532&#038;lang=es\" \/>\n<meta property=\"og:locale\" content=\"en_US\" \/>\n<meta property=\"og:type\" content=\"article\" \/>\n<meta property=\"og:title\" content=\"ReWinder &amp; Slitter ESP - 9.septembar\" \/>\n<meta property=\"og:url\" content=\"https:\/\/www.9septembar.com\/?page_id=18532&amp;lang=es\" \/>\n<meta property=\"og:site_name\" content=\"9.septembar\" \/>\n<meta property=\"article:modified_time\" content=\"2022-10-08T13:45:02+00:00\" \/>\n<meta property=\"og:image\" content=\"https:\/\/www.9septembar.com\/wp-content\/uploads\/2021\/12\/ReSlit-00.jpg\" \/>\n<meta name=\"twitter:card\" content=\"summary_large_image\" \/>\n<meta name=\"twitter:label1\" content=\"Est. reading time\" \/>\n\t<meta name=\"twitter:data1\" content=\"1 minute\" \/>\n<script type=\"application\/ld+json\" class=\"yoast-schema-graph\">{\"@context\":\"https:\/\/schema.org\",\"@graph\":[{\"@type\":\"WebSite\",\"@id\":\"https:\/\/www.9septembar.com\/#website\",\"url\":\"https:\/\/www.9septembar.com\/\",\"name\":\"9.septembar\",\"description\":\"\",\"potentialAction\":[{\"@type\":\"SearchAction\",\"target\":{\"@type\":\"EntryPoint\",\"urlTemplate\":\"https:\/\/www.9septembar.com\/?s={search_term_string}\"},\"query-input\":\"required name=search_term_string\"}],\"inLanguage\":\"en-US\"},{\"@type\":\"WebPage\",\"@id\":\"https:\/\/www.9septembar.com\/?page_id=18532&lang=es#webpage\",\"url\":\"https:\/\/www.9septembar.com\/?page_id=18532&lang=es\",\"name\":\"ReWinder & Slitter ESP - 9.septembar\",\"isPartOf\":{\"@id\":\"https:\/\/www.9septembar.com\/#website\"},\"datePublished\":\"2022-10-08T11:32:39+00:00\",\"dateModified\":\"2022-10-08T13:45:02+00:00\",\"breadcrumb\":{\"@id\":\"https:\/\/www.9septembar.com\/?page_id=18532&lang=es#breadcrumb\"},\"inLanguage\":\"en-US\",\"potentialAction\":[{\"@type\":\"ReadAction\",\"target\":[\"https:\/\/www.9septembar.com\/?page_id=18532&lang=es\"]}]},{\"@type\":\"BreadcrumbList\",\"@id\":\"https:\/\/www.9septembar.com\/?page_id=18532&lang=es#breadcrumb\",\"itemListElement\":[{\"@type\":\"ListItem\",\"position\":1,\"name\":\"Home\",\"item\":\"https:\/\/www.9septembar.com\/?page_id=19116&lang=pt\"},{\"@type\":\"ListItem\",\"position\":2,\"name\":\"ReWinder &#038; Slitter ESP\"}]}]}<\/script>\n<!-- \/ Yoast SEO plugin. -->","yoast_head_json":{"title":"ReWinder & Slitter ESP - 9.septembar","robots":{"index":"index","follow":"follow","max-snippet":"max-snippet:-1","max-image-preview":"max-image-preview:large","max-video-preview":"max-video-preview:-1"},"canonical":"https:\/\/www.9septembar.com\/?page_id=18532&lang=es","og_locale":"en_US","og_type":"article","og_title":"ReWinder & Slitter ESP - 9.septembar","og_url":"https:\/\/www.9septembar.com\/?page_id=18532&lang=es","og_site_name":"9.septembar","article_modified_time":"2022-10-08T13:45:02+00:00","og_image":[{"url":"https:\/\/www.9septembar.com\/wp-content\/uploads\/2021\/12\/ReSlit-00.jpg"}],"twitter_card":"summary_large_image","twitter_misc":{"Est. reading time":"1 minute"},"schema":{"@context":"https:\/\/schema.org","@graph":[{"@type":"WebSite","@id":"https:\/\/www.9septembar.com\/#website","url":"https:\/\/www.9septembar.com\/","name":"9.septembar","description":"","potentialAction":[{"@type":"SearchAction","target":{"@type":"EntryPoint","urlTemplate":"https:\/\/www.9septembar.com\/?s={search_term_string}"},"query-input":"required name=search_term_string"}],"inLanguage":"en-US"},{"@type":"WebPage","@id":"https:\/\/www.9septembar.com\/?page_id=18532&lang=es#webpage","url":"https:\/\/www.9septembar.com\/?page_id=18532&lang=es","name":"ReWinder & Slitter ESP - 9.septembar","isPartOf":{"@id":"https:\/\/www.9septembar.com\/#website"},"datePublished":"2022-10-08T11:32:39+00:00","dateModified":"2022-10-08T13:45:02+00:00","breadcrumb":{"@id":"https:\/\/www.9septembar.com\/?page_id=18532&lang=es#breadcrumb"},"inLanguage":"en-US","potentialAction":[{"@type":"ReadAction","target":["https:\/\/www.9septembar.com\/?page_id=18532&lang=es"]}]},{"@type":"BreadcrumbList","@id":"https:\/\/www.9septembar.com\/?page_id=18532&lang=es#breadcrumb","itemListElement":[{"@type":"ListItem","position":1,"name":"Home","item":"https:\/\/www.9septembar.com\/?page_id=19116&lang=pt"},{"@type":"ListItem","position":2,"name":"ReWinder &#038; Slitter ESP"}]}]}},"jetpack_sharing_enabled":true,"_links":{"self":[{"href":"https:\/\/www.9septembar.com\/index.php?rest_route=\/wp\/v2\/pages\/18532","targetHints":{"allow":["GET"]}}],"collection":[{"href":"https:\/\/www.9septembar.com\/index.php?rest_route=\/wp\/v2\/pages"}],"about":[{"href":"https:\/\/www.9septembar.com\/index.php?rest_route=\/wp\/v2\/types\/page"}],"author":[{"embeddable":true,"href":"https:\/\/www.9septembar.com\/index.php?rest_route=\/wp\/v2\/users\/1"}],"replies":[{"embeddable":true,"href":"https:\/\/www.9septembar.com\/index.php?rest_route=%2Fwp%2Fv2%2Fcomments&post=18532"}],"version-history":[{"count":2,"href":"https:\/\/www.9septembar.com\/index.php?rest_route=\/wp\/v2\/pages\/18532\/revisions"}],"predecessor-version":[{"id":18534,"href":"https:\/\/www.9septembar.com\/index.php?rest_route=\/wp\/v2\/pages\/18532\/revisions\/18534"}],"wp:attachment":[{"href":"https:\/\/www.9septembar.com\/index.php?rest_route=%2Fwp%2Fv2%2Fmedia&parent=18532"}],"curies":[{"name":"wp","href":"https:\/\/api.w.org\/{rel}","templated":true}]}}