{"id":19005,"date":"2023-07-12T14:56:33","date_gmt":"2023-07-12T14:56:33","guid":{"rendered":"https:\/\/www.9septembar.com\/?page_id=19005"},"modified":"2023-07-12T15:12:55","modified_gmt":"2023-07-12T15:12:55","slug":"aproach-copy-copy-2","status":"publish","type":"page","link":"https:\/\/www.9septembar.com\/?page_id=19005&lang=it","title":{"rendered":"Aftersales Services IT2"},"content":{"rendered":"<div class=\"vgblk-rw-wrapper limit-wrapper\">\r\n<h2>\r\n\tLa nostra <br \/><strong>missione<\/strong>\r\n\t<\/h2>\r\n\t<p>Siamo in questo insieme, impegnati a mantenere il massimo livello di fiducia nel nostro prodotto con un servizio post-vendita efficiente, professionale e reattivo.<\/p>\r\n\r\n\t<a href=\"#service\" target=\"_self\" role=\"button\" rel=\"noopener\">\r\n\t\t\t\t\tLeggere di pi\u00f9\r\n\t<\/a>\r\n<h2>\r\n\tParti di ricambio<br \/><strong>&amp; Supporto online<\/strong>\r\n\t<\/h2>\r\n\t<p>Il nostro obiettivo \u00e8 fornire un servizio post-vendita 24 ore su 24, 7 giorni su 7 e la garanzia di utilizzare \u00a0solo i componenti di fascia pi\u00f9 alta sulle nostre macchine, da parte dei fornitori di fama mondiale e presenti sul mercato italiano, europeo e mondiale.<\/p>\r\n\t<a href=\"#serviceparts\" target=\"_self\" role=\"button\" rel=\"noopener\">\r\n\t\t\t\t\tLeggere di pi\u00f9\r\n\t<\/a>\r\n<h2>\r\n\tFormazione dei clienti \/<br \/><strong>operatori di linea<\/strong>\r\n\t<\/h2>\r\n\t<p>\u00c8 molto importante che la qualit\u00e0 delle nostre macchine automatiche sia gestita da operatori capaci al fine di ottenere la migliore redditivit\u00e0 e produttivit\u00e0. In questo obiettivo lavoriamo insieme e ci dedichiamo al massimo per consentirne fattivamente il risultato grazie alla formazione degli operatori di linea sotto tutti i punti di vista.<\/p>\r\n\t<a href=\"#training\" target=\"_self\" role=\"button\" rel=\"noopener\">\r\n\t\t\t\t\tLeggere di pi\u00f9\r\n\t<\/a>\r\n<h2>\r\n\tNostro <br \/><strong>servizio<\/strong>\r\n\t<\/h2>\r\n\t<p>L&#8217;obiettivo principale della ditta &#8220;9. SEPTEMBAR&#8221; \u00e8 quello di trovare le soluzioni adeguate a seconda delle esigenze delle vostre attivit\u00e0\u00a0 e mantenere la massima fiducia nei nostri prodotti avendo un servizio post vendita efficace, professionale e responsabile.<\/p>\r\n<p>Avendo oltre 60 tecnici e 20 ingegneri, un ufficio di ricerca e sviluppo nonch\u00e9 un nutrito ufficio tecnico, l&#8217;azienda garantisce un&#8217;assistenza di alta qualit\u00e0 per il funzionamento delle nostre macchine in tutte le condizioni.<\/p>\r\n<p>La manutenzione delle macchine, ma anche le attivit\u00e0 di prevenzione che consentono il corretto funzionamento delle nostre macchine vengono svolte attraverso le nostre visite tecniche presso i clienti oppure tramite teleassistenza, orientate ad una manutenzione permanente delle nostre macchine, con cui si assicura la stessa qualit\u00e0 ed efficienza di tutte le macchine prodotte dalla ditta &#8220;9. SEPTEMBAR&#8221; che operano in tutto il mondo.<\/p>\r\n<p>Un servizio tecnico strutturato comprende un&#8217;efficace diagnostica interattiva, teleassistenza e manutenzione in presenza, fornitura di servizi post-vendita, manutenzione preventiva, fornitura di materiali, interventi di emergenza e supporto &#8220;on-line&#8221;. Questo sistema garantisce gli stessi livelli di qualit\u00e0 ed efficienza di tutte le linee di produzione 9.Septembar &#8211; Tissue Converting nel mondo.<\/p>\r\n<h2>\r\n\tParti di ricambio <br \/><strong>e supporto software<\/strong>\r\n\t<\/h2>\r\n\t<p>Al momento della consegna di una macchina automatica prodotta da &#8220;9. SEPTEMBAR &#8211; TISSUE CONVERTING&#8221; riceverete anche il Manuale d&#8217;uso. Il Manuale d&#8217;uso \u00e8 una guida utile, diviso in pi\u00f9 parti, che contiene la descrizione dettagliata di tutte le funzionalit\u00e0 della macchina. Ogni sezione della macchina \u00e8 contraddistinto da un numero, in modo tale che possiate trovare le informazioni nel Manuale d&#8217;uso e verificare con facilit\u00e0 le relative parti.<\/p>\r\n<p>Oltre alle parti di ricambio, il nostro team di assistenza post-vendita \u00e8 orgoglioso del suo supporto software. Abbiamo un sistema molto efficiente di comunicazione online con i nostri clienti, collegandoci direttamente alla macchina. Siamo in grado di aggiornare nuove versioni di software e riprogrammarle senza dover essere presenti fiscalmente.<\/p>\r\n<p>&nbsp;<\/p>\r\n<p>L&#8217;assistenza remota (o teleassistenza) \u00e8 una delle maggiori funzionalit\u00e0 di risparmio sui costi che offriamo. Il nostro obiettivo \u00e8 fornire un servizio post-vendita 24 ore su 24, 7 giorni su 7 . La maggior parte delle parti di ricambio sono disponibili nella nostra azienda, ma in caso di assenza presso i nostri magazzini, ci assicuriamo che vengano spedite entro 7-15 giorni lavorativi (a seconda di quanto sia specifica la parte di ricambio richiesta).<\/p>\r\n<p>&nbsp;<\/p>\r\n<p>Utilizziamo macchinari per la lavorazione dell&#8217;acciaio, ecc.. di fascia alta come HAAS, DECKEL e MAHO, poich\u00e9 crediamo che la cosa pi\u00f9 importante sia il perfetto funzionamento della macchina (oltre all&#8217;ingegneria) che \u00e8 reso possibile dalla qualit\u00e0 dei pezzi che utilizziamo.<\/p>\r\n<h2>\r\n\tTraining <br \/><strong>tecnico<\/strong>\r\n\t<\/h2>\r\n\t<p>Ci sforziamo di soddisfare i nostri clienti attuali e futuri con l&#8217;eccezionale qualit\u00e0 dei nostri prodotti, rispondendo alle esigenze attuali e future in un mercato sempre pi\u00f9 globale. Il team 9.Septembar lavora costantemente sui miglioramenti, come il continuo aumento della capacit\u00e0, ma anche l&#8217;affidabilit\u00e0, che porta all&#8217;implementazione di apparecchiature elettroniche di ultima generazione e assemblaggi meccanici complessi. Tutto ci\u00f2 richiede operatori esperti e preparati (a livello meccanico, elettronico, ecc..), formati per utilizzare correttamente la linea di produzione.<\/p>\r\n<h4>Perch\u00e9 questo \u00e8 importante?<\/h4>\r\n<p>Sebbene la FORMAZIONE possa sembrare superflua per alcuni clienti, di solito si scopre che questo investimento \u00e8 pi\u00f9 che giustificato e che si ripaga molto rapidamente. I clienti investono nella propria produzione, attraverso una maggiore formazione dei dipendenti, considerando che la capacit\u00e0 e l&#8217;affidabilit\u00e0 della macchina dipendono enormemente dalle qualifiche tecniche dell&#8217;operatore. \u00c8 molto importante che l&#8217;alta qualit\u00e0 delle nuove attrezzature di ultima generazione sia gestita da operatori di linea capaci.<\/p>\r\n\r\n<\/div><!-- .vgblk-rw-wrapper -->","protected":false},"excerpt":{"rendered":"<p>La nostra missione Siamo in questo insieme, impegnati a mantenere il massimo livello di fiducia nel nostro prodotto con un servizio post-vendita efficiente, professionale e reattivo. Leggere di pi\u00f9 Parti di ricambio&amp; Supporto online Il nostro obiettivo \u00e8 fornire un servizio post-vendita 24 ore su 24, 7 giorni su 7 e la garanzia di utilizzare&#8230;<\/p>\n","protected":false},"author":1,"featured_media":0,"parent":0,"menu_order":0,"comment_status":"closed","ping_status":"closed","template":"","meta":{"inline_featured_image":false,"footnotes":""},"class_list":["post-19005","page","type-page","status-publish","hentry"],"yoast_head":"<!-- This site is optimized with the Yoast SEO plugin v18.5.1 - https:\/\/yoast.com\/wordpress\/plugins\/seo\/ -->\n<title>Aftersales Services IT2 - 9.septembar<\/title>\n<meta name=\"robots\" content=\"index, follow, max-snippet:-1, max-image-preview:large, max-video-preview:-1\" \/>\n<link rel=\"canonical\" href=\"https:\/\/www.9septembar.com\/?page_id=19005&#038;lang=it\" \/>\n<meta property=\"og:locale\" content=\"en_US\" \/>\n<meta property=\"og:type\" content=\"article\" \/>\n<meta property=\"og:title\" content=\"Aftersales Services IT2 - 9.septembar\" \/>\n<meta property=\"og:description\" content=\"La nostra missione Siamo in questo insieme, impegnati a mantenere il massimo livello di fiducia nel nostro prodotto con un servizio post-vendita efficiente, professionale e reattivo. Leggere di pi\u00f9 Parti di ricambio&amp; Supporto online Il nostro obiettivo \u00e8 fornire un servizio post-vendita 24 ore su 24, 7 giorni su 7 e la garanzia di utilizzare...\" \/>\n<meta property=\"og:url\" content=\"https:\/\/www.9septembar.com\/?page_id=19005&amp;lang=it\" \/>\n<meta property=\"og:site_name\" content=\"9.septembar\" \/>\n<meta property=\"article:modified_time\" content=\"2023-07-12T15:12:55+00:00\" \/>\n<meta name=\"twitter:card\" content=\"summary_large_image\" \/>\n<meta name=\"twitter:label1\" content=\"Est. reading time\" \/>\n\t<meta name=\"twitter:data1\" content=\"3 minutes\" \/>\n<script type=\"application\/ld+json\" class=\"yoast-schema-graph\">{\"@context\":\"https:\/\/schema.org\",\"@graph\":[{\"@type\":\"WebSite\",\"@id\":\"https:\/\/www.9septembar.com\/#website\",\"url\":\"https:\/\/www.9septembar.com\/\",\"name\":\"9.septembar\",\"description\":\"\",\"potentialAction\":[{\"@type\":\"SearchAction\",\"target\":{\"@type\":\"EntryPoint\",\"urlTemplate\":\"https:\/\/www.9septembar.com\/?s={search_term_string}\"},\"query-input\":\"required name=search_term_string\"}],\"inLanguage\":\"en-US\"},{\"@type\":\"WebPage\",\"@id\":\"https:\/\/www.9septembar.com\/?page_id=19005&lang=it#webpage\",\"url\":\"https:\/\/www.9septembar.com\/?page_id=19005&lang=it\",\"name\":\"Aftersales Services IT2 - 9.septembar\",\"isPartOf\":{\"@id\":\"https:\/\/www.9septembar.com\/#website\"},\"datePublished\":\"2023-07-12T14:56:33+00:00\",\"dateModified\":\"2023-07-12T15:12:55+00:00\",\"breadcrumb\":{\"@id\":\"https:\/\/www.9septembar.com\/?page_id=19005&lang=it#breadcrumb\"},\"inLanguage\":\"en-US\",\"potentialAction\":[{\"@type\":\"ReadAction\",\"target\":[\"https:\/\/www.9septembar.com\/?page_id=19005&lang=it\"]}]},{\"@type\":\"BreadcrumbList\",\"@id\":\"https:\/\/www.9septembar.com\/?page_id=19005&lang=it#breadcrumb\",\"itemListElement\":[{\"@type\":\"ListItem\",\"position\":1,\"name\":\"Home\",\"item\":\"https:\/\/www.9septembar.com\/?page_id=19116&lang=pt\"},{\"@type\":\"ListItem\",\"position\":2,\"name\":\"Aftersales Services IT2\"}]}]}<\/script>\n<!-- \/ Yoast SEO plugin. -->","yoast_head_json":{"title":"Aftersales Services IT2 - 9.septembar","robots":{"index":"index","follow":"follow","max-snippet":"max-snippet:-1","max-image-preview":"max-image-preview:large","max-video-preview":"max-video-preview:-1"},"canonical":"https:\/\/www.9septembar.com\/?page_id=19005&lang=it","og_locale":"en_US","og_type":"article","og_title":"Aftersales Services IT2 - 9.septembar","og_description":"La nostra missione Siamo in questo insieme, impegnati a mantenere il massimo livello di fiducia nel nostro prodotto con un servizio post-vendita efficiente, professionale e reattivo. Leggere di pi\u00f9 Parti di ricambio&amp; Supporto online Il nostro obiettivo \u00e8 fornire un servizio post-vendita 24 ore su 24, 7 giorni su 7 e la garanzia di utilizzare...","og_url":"https:\/\/www.9septembar.com\/?page_id=19005&lang=it","og_site_name":"9.septembar","article_modified_time":"2023-07-12T15:12:55+00:00","twitter_card":"summary_large_image","twitter_misc":{"Est. reading time":"3 minutes"},"schema":{"@context":"https:\/\/schema.org","@graph":[{"@type":"WebSite","@id":"https:\/\/www.9septembar.com\/#website","url":"https:\/\/www.9septembar.com\/","name":"9.septembar","description":"","potentialAction":[{"@type":"SearchAction","target":{"@type":"EntryPoint","urlTemplate":"https:\/\/www.9septembar.com\/?s={search_term_string}"},"query-input":"required name=search_term_string"}],"inLanguage":"en-US"},{"@type":"WebPage","@id":"https:\/\/www.9septembar.com\/?page_id=19005&lang=it#webpage","url":"https:\/\/www.9septembar.com\/?page_id=19005&lang=it","name":"Aftersales Services IT2 - 9.septembar","isPartOf":{"@id":"https:\/\/www.9septembar.com\/#website"},"datePublished":"2023-07-12T14:56:33+00:00","dateModified":"2023-07-12T15:12:55+00:00","breadcrumb":{"@id":"https:\/\/www.9septembar.com\/?page_id=19005&lang=it#breadcrumb"},"inLanguage":"en-US","potentialAction":[{"@type":"ReadAction","target":["https:\/\/www.9septembar.com\/?page_id=19005&lang=it"]}]},{"@type":"BreadcrumbList","@id":"https:\/\/www.9septembar.com\/?page_id=19005&lang=it#breadcrumb","itemListElement":[{"@type":"ListItem","position":1,"name":"Home","item":"https:\/\/www.9septembar.com\/?page_id=19116&lang=pt"},{"@type":"ListItem","position":2,"name":"Aftersales Services IT2"}]}]}},"jetpack_sharing_enabled":true,"_links":{"self":[{"href":"https:\/\/www.9septembar.com\/index.php?rest_route=\/wp\/v2\/pages\/19005","targetHints":{"allow":["GET"]}}],"collection":[{"href":"https:\/\/www.9septembar.com\/index.php?rest_route=\/wp\/v2\/pages"}],"about":[{"href":"https:\/\/www.9septembar.com\/index.php?rest_route=\/wp\/v2\/types\/page"}],"author":[{"embeddable":true,"href":"https:\/\/www.9septembar.com\/index.php?rest_route=\/wp\/v2\/users\/1"}],"replies":[{"embeddable":true,"href":"https:\/\/www.9septembar.com\/index.php?rest_route=%2Fwp%2Fv2%2Fcomments&post=19005"}],"version-history":[{"count":3,"href":"https:\/\/www.9septembar.com\/index.php?rest_route=\/wp\/v2\/pages\/19005\/revisions"}],"predecessor-version":[{"id":19014,"href":"https:\/\/www.9septembar.com\/index.php?rest_route=\/wp\/v2\/pages\/19005\/revisions\/19014"}],"wp:attachment":[{"href":"https:\/\/www.9septembar.com\/index.php?rest_route=%2Fwp%2Fv2%2Fmedia&parent=19005"}],"curies":[{"name":"wp","href":"https:\/\/api.w.org\/{rel}","templated":true}]}}