{"id":19116,"date":"2024-02-19T10:56:08","date_gmt":"2024-02-19T10:56:08","guid":{"rendered":"https:\/\/www.9septembar.com\/?page_id=19116"},"modified":"2024-03-01T10:28:40","modified_gmt":"2024-03-01T10:28:40","slug":"home-modern-copy-2-copy-copy-2","status":"publish","type":"page","link":"https:\/\/www.9septembar.com\/?page_id=19116&lang=pt","title":{"rendered":"Home NEW2 PT"},"content":{"rendered":"<div class=\"vgblk-rw-wrapper limit-wrapper\">\n<h4>\n\tDeixe que os n\u00fameros falem por n\u00f3s\n\t<\/h4>\n<h3>\n\tMais de 500\n\t<\/h3>\n\t<h4><strong>Projetos conclu\u00eddos<\/strong><br \/>\ncom sucesso<\/h4>\n<h3>\n\tMais de 100\n\t<\/h3>\n\t<h4><strong>Funcion\u00e1rios <\/strong>altamente especializados<\/h4>\n<h3>\n\tMais de 50\n\t<\/h3>\n\t<h4><strong>pa\u00edses ao <\/strong>redor do mundo<\/h4>\n<h1>\n\tNOSSA OFERTA\n\t<\/h1>\n\t<p>Desenvolvemos e produzimos m\u00e1quinas exclusivas de acordo com sua solicita\u00e7\u00e3o.<\/p>\n\t\t\t\t\t\t\t<img loading=\"lazy\" decoding=\"async\" src=\"https:\/\/www.9septembar.com\/wp-content\/uploads\/2021\/12\/napkin-production-line-ico-e1639237822218.png\" alt=\"napkin-production-line-ico\" itemprop=\"image\" height=\"100\" width=\"100\" title=\"napkin-production-line-ico\" onerror=\"this.style.display='none'\"  sizes=\"auto, (max-width: 768px) 100vw, 100vw\"\/>\t\t\t\t\t\t\t\n<h3>\n\t\t\t<a href=\"https:\/\/www.9septembar.com\/?page_id=17728#napkins\" title=\"Linhas de produ\u00e7\u00e3o de guardanapos\" target=\"_self\" rel=\"noopener\">\n\tLinhas de produ\u00e7\u00e3o de guardanapos\n\t\t\t<\/a>\n\t<\/h3>\n\t<p>Nossas m\u00e1quinas para fabricar guardanapos s\u00e3o marcas instantaneamente reconhec\u00edveis e se tornaram&#8230;<\/p>\n\t<a href=\"https:\/\/www.9septembar.com\/?page_id=19128&#038;lang=pt#napkins\" target=\"_self\" role=\"button\" rel=\"noopener\">\n\t\t\t\t\tconsulte Mais informa\u00e7\u00e3o\n\t<\/a>\n\t\t\t\t\t\t\t<img loading=\"lazy\" decoding=\"async\" src=\"https:\/\/www.9septembar.com\/wp-content\/uploads\/2021\/12\/hendkerchief-production-line-ico-e1639238002480.png\" alt=\"hendkerchief-production-line-ico\" itemprop=\"image\" height=\"100\" width=\"100\" title=\"hendkerchief-production-line-ico\" onerror=\"this.style.display='none'\"  sizes=\"auto, (max-width: 768px) 100vw, 100vw\"\/>\t\t\t\t\t\t\t\n<h3>\n\t\t\t<a href=\"https:\/\/www.9septembar.com\/?page_id=17728#handcarechief\" title=\"Linhas de produ\u00e7\u00e3o de len\u00e7os\" target=\"_self\" rel=\"noopener\">\n\tLinhas de produ\u00e7\u00e3o de len\u00e7os\n\t\t\t<\/a>\n\t<\/h3>\n\t<p>Come\u00e7amos nossa aventura de convers\u00e3o de papel produzindo esta m\u00e1quina primeiro&#8230;<\/p>\n\t<a href=\"https:\/\/www.9septembar.com\/?page_id=19128&#038;lang=pt#handcarechief\" target=\"_self\" role=\"button\" rel=\"noopener\">\n\t\t\t\t\tconsulte Mais informa\u00e7\u00e3o\n\t<\/a>\n\t\t\t\t\t\t\t<img loading=\"lazy\" decoding=\"async\" src=\"https:\/\/www.9septembar.com\/wp-content\/uploads\/2021\/12\/Placemats-Production-Lines-e1639756612353.png\" alt=\"Placemats-Production-Lines\" itemprop=\"image\" height=\"100\" width=\"100\" title=\"Placemats-Production-Lines\" onerror=\"this.style.display='none'\"  sizes=\"auto, (max-width: 768px) 100vw, 100vw\"\/>\t\t\t\t\t\t\t\n<h3>\n\t\t\t<a href=\"https:\/\/www.9septembar.com\/?page_id=17728#placemats\" title=\"Linhas de produ\u00e7\u00e3o de jogos americanos\" target=\"_self\" rel=\"noopener\">\n\tLinhas de produ\u00e7\u00e3o de jogos americanos\n\t\t\t<\/a>\n\t<\/h3>\n\t<p>MATS \u00e9 uma m\u00e1quina modular projetada para a produ\u00e7\u00e3o de jogos americanos descart\u00e1veis. Conforme&#8230;<\/p>\n\t<a href=\"https:\/\/www.9septembar.com\/?page_id=19128&#038;lang=pt#placemats\" target=\"_self\" role=\"button\" rel=\"noopener\">\n\t\t\t\t\tconsulte Mais informa\u00e7\u00e3o\n\t<\/a>\n\t\t\t\t\t\t\t<img loading=\"lazy\" decoding=\"async\" src=\"https:\/\/www.9septembar.com\/wp-content\/uploads\/2023\/05\/Table-Clothes-Production-Lines-ico-100x100-1.png\" alt=\"Table-Clothes-Production-Lines-ico-100x100\" itemprop=\"image\" height=\"100\" width=\"100\" title=\"Table-Clothes-Production-Lines-ico-100x100\" onerror=\"this.style.display='none'\"  sizes=\"auto, 100\"\/>\t\t\t\t\t\t\t\n<h3>\n\t\t\t<a href=\"https:\/\/www.9septembar.com\/?page_id=17728#TableClothes\" title=\"Linhas de produ\u00e7\u00e3o de roupas de mesa\" target=\"_self\" rel=\"noopener\">\n\tLinhas de produ\u00e7\u00e3o de roupas de mesa\n\t\t\t<\/a>\n\t<\/h3>\n\t<p>Com seu design modular, a ASTall oferece a produ\u00e7\u00e3o de toalhas de mesa de alta qualidade em&#8230;<\/p>\n\t<a href=\"https:\/\/www.9septembar.com\/?page_id=19128&#038;lang=pt#TableClothes\" target=\"_self\" role=\"button\" rel=\"noopener\">\n\t\t\t\t\tconsulte Mais informa\u00e7\u00e3o\n\t<\/a>\n\t\t\t\t\t\t\t<img loading=\"lazy\" decoding=\"async\" src=\"https:\/\/www.9septembar.com\/wp-content\/uploads\/2021\/12\/protective-pads-production-line-ico-e1639331075392.png\" alt=\"protective-pads-production-line-ico\" itemprop=\"image\" height=\"100\" width=\"115\" title=\"protective-pads-production-line-ico\" onerror=\"this.style.display='none'\"  sizes=\"auto, 100\"\/>\t\t\t\t\t\t\t\n<h3>\n\t\t\t<a href=\"https:\/\/www.9septembar.com\/?page_id=17728#protectivepads\" title=\"Linhas de produ\u00e7\u00e3o de aventais odontol\u00f3gicos\" target=\"_self\" rel=\"noopener\">\n\tLinhas de produ\u00e7\u00e3o de aventais odontol\u00f3gicos\n\t\t\t<\/a>\n\t<\/h3>\n\t<p>Estamos implementando e desenvolvendo nova linha de produtos &#8211; m\u00e1quinas que&#8230;<\/p>\n\t<a href=\"https:\/\/www.9septembar.com\/?page_id=19128&#038;lang=pt#protectivepads\" target=\"_self\" role=\"button\" rel=\"noopener\">\n\t\t\t\t\tconsulte Mais informa\u00e7\u00e3o\n\t<\/a>\n\t\t\t\t\t\t\t<img loading=\"lazy\" decoding=\"async\" src=\"https:\/\/www.9septembar.com\/wp-content\/uploads\/2021\/12\/winderslitters-ico-e1639237894106.png\" alt=\"winder&amp;slitters-ico\" itemprop=\"image\" height=\"100\" width=\"100\" title=\"winder&amp;slitters-ico\" onerror=\"this.style.display='none'\"  sizes=\"auto, (max-width: 768px) 100vw, 100vw\"\/>\t\t\t\t\t\t\t\n<h3>\n\t\t\t<a href=\"https:\/\/www.9septembar.com\/?page_id=17728#winders\" title=\"Rebobinadeiras e cortadeiras\" target=\"_self\" rel=\"noopener\">\n\tRebobinadeiras e cortadeiras\n\t\t\t<\/a>\n\t<\/h3>\n\t<p>Muitas f\u00e1bricas de convers\u00e3o de papel t\u00eam uma forte demanda por rebobinadeiras e cortadeiras. Em ordem&#8230;<\/p>\n\t<a href=\"https:\/\/www.9septembar.com\/?page_id=19128&#038;lang=pt#winders\" target=\"_self\" role=\"button\" rel=\"noopener\">\n\t\t\t\t\tconsulte Mais informa\u00e7\u00e3o\n\t<\/a>\n\t<p><strong>UM SUPORTE DE SERVI\u00c7O COMPLETO<\/strong><\/p>\n<p>Estamos juntos nisso, dedicados a manter o mais alto n\u00edvel de confian\u00e7a em nosso produto com um servi\u00e7o p\u00f3s-venda eficiente, profissional e atento.<\/p>\n\t<p><strong>PE\u00c7AS E SUPORTE ONLINE<\/strong><\/p>\n<p>Nosso objetivo \u00e9 fornecer servi\u00e7o p\u00f3s-venda 24 horas por dia, 7 dias por semana, e garantir que estamos usando apenas os componentes mais sofisticados de parceiros de renome mundial.<\/p>\n\t<p><b>TREINAMENTO<\/b><\/p>\n<p>\u00c9 muito importante o novo equipamento de alta qalidade seja tratada por operadores capacitados. Estamos juntos nisso e nos dedicamos a permitir o uso de todas as possibilidades da m\u00e1quina.<\/p>\n<h2>\n\tDESCOBRIR\n\t<\/h2>\n\t<h4>Sinta-se \u00e0 vontade para explorar o site, ver o que temos a oferecer e depois entrar em contato conosco com uma solicita\u00e7\u00e3o espec\u00edfica e faremos com que funcione.<\/h4>\n\t<h2>Fa\u00e7a um tour em <strong>v\u00eddeo pela nossa f\u00e1brica<\/strong><\/h2>\n\t<p>Solu\u00e7\u00f5es Tailor Made s\u00e3o desenvolvidas, projetadas, fabricadas, montadas e programadas em nossa f\u00e1brica. Descobrir como!<\/p>\n\t<a href=\"https:\/\/www.youtube.com\/watch?v=-3m6hoyyEgM\" target=\"_blank\" role=\"button\" rel=\"noopener\">\n\t\t\t\t\tVEJA O V\u00cdDEO\n\t<\/a>\n\t<h2>Marque uma <strong>reuni\u00e3o<br \/>\nconosco<\/strong><\/h2>\n\t<p>Convidamos voc\u00ea a conhecer nossa equipe e discutir como podemos ajudar seu neg\u00f3cio a crescer.<\/p>\n\t<a href=\"mailto:marketing@9septembar.com\" target=\"_self\" role=\"button\" rel=\"noopener\">\n\t\t\t\t\tContate-nos\n\t<\/a>\n<h2>\n\tHIST\u00d3RIAS <strong>DE SUCESSO<\/strong>\n\t<\/h2>\n<h5>\n\tRegister for a meeting with our team\n\t<\/h5>\n<h2>\n\t <b>PAPER &amp; TISSUE <br \/> ONE SHOW<\/b>\n\t<\/h2>\n\t<h5>16, 17, 18 April 2024 | Abu Dhabi National Exhibition Centre<\/h5>\n<h5>Stand E08<\/h5>\n\t<a href=\"https:\/\/www.9septembar.com\/?page_id=17258\" target=\"_self\" role=\"button\" rel=\"noopener\">\n\t\t\t\t\tClique aqui\n\t<\/a>\n<h2>\n\tNOT\u00cdCIAS\n\t<\/h2>\n\t<p>Not\u00edcias de todo o mundo, selecionadas por n\u00f3s.<\/p>\n    Aviso: O JavaScript \u00e9 necess\u00e1rio para esse conte\u00fado.\n        <!-- TODO: Move to Template File. -->\n        \n<\/div><!-- .vgblk-rw-wrapper -->","protected":false},"excerpt":{"rendered":"<p>Deixe que os n\u00fameros falem por n\u00f3s Mais de 500 Projetos conclu\u00eddos com sucesso Mais de 100 Funcion\u00e1rios altamente especializados Mais de 50 pa\u00edses ao redor do mundo NOSSA OFERTA Desenvolvemos e produzimos m\u00e1quinas exclusivas de acordo com sua solicita\u00e7\u00e3o. Linhas de produ\u00e7\u00e3o de guardanapos Nossas m\u00e1quinas para fabricar guardanapos s\u00e3o marcas instantaneamente reconhec\u00edveis e&#8230;<\/p>\n","protected":false},"author":1,"featured_media":0,"parent":0,"menu_order":0,"comment_status":"closed","ping_status":"closed","template":"","meta":{"inline_featured_image":false,"footnotes":""},"class_list":["post-19116","page","type-page","status-publish","hentry"],"yoast_head":"<!-- This site is optimized with the Yoast SEO plugin v18.5.1 - https:\/\/yoast.com\/wordpress\/plugins\/seo\/ -->\n<title>Home NEW2 PT - 9.septembar<\/title>\n<meta name=\"robots\" content=\"index, follow, max-snippet:-1, max-image-preview:large, max-video-preview:-1\" \/>\n<link rel=\"canonical\" href=\"https:\/\/www.9septembar.com\/?page_id=19116&#038;lang=pt\" \/>\n<meta property=\"og:locale\" content=\"en_US\" \/>\n<meta property=\"og:type\" content=\"article\" \/>\n<meta property=\"og:title\" content=\"Home NEW2 PT - 9.septembar\" \/>\n<meta property=\"og:description\" content=\"Deixe que os n\u00fameros falem por n\u00f3s Mais de 500 Projetos conclu\u00eddos com sucesso Mais de 100 Funcion\u00e1rios altamente especializados Mais de 50 pa\u00edses ao redor do mundo NOSSA OFERTA Desenvolvemos e produzimos m\u00e1quinas exclusivas de acordo com sua solicita\u00e7\u00e3o. Linhas de produ\u00e7\u00e3o de guardanapos Nossas m\u00e1quinas para fabricar guardanapos s\u00e3o marcas instantaneamente reconhec\u00edveis e...\" \/>\n<meta property=\"og:url\" content=\"https:\/\/www.9septembar.com\/?page_id=19116&amp;lang=pt\" \/>\n<meta property=\"og:site_name\" content=\"9.septembar\" \/>\n<meta property=\"article:modified_time\" content=\"2024-03-01T10:28:40+00:00\" \/>\n<meta property=\"og:image\" content=\"https:\/\/www.9septembar.com\/wp-content\/uploads\/2021\/12\/napkin-production-line-ico-e1639237822218.png\" \/>\n<meta name=\"twitter:card\" content=\"summary_large_image\" \/>\n<meta name=\"twitter:label1\" content=\"Est. reading time\" \/>\n\t<meta name=\"twitter:data1\" content=\"2 minutes\" \/>\n<script type=\"application\/ld+json\" class=\"yoast-schema-graph\">{\"@context\":\"https:\/\/schema.org\",\"@graph\":[{\"@type\":\"WebSite\",\"@id\":\"https:\/\/www.9septembar.com\/#website\",\"url\":\"https:\/\/www.9septembar.com\/\",\"name\":\"9.septembar\",\"description\":\"\",\"potentialAction\":[{\"@type\":\"SearchAction\",\"target\":{\"@type\":\"EntryPoint\",\"urlTemplate\":\"https:\/\/www.9septembar.com\/?s={search_term_string}\"},\"query-input\":\"required name=search_term_string\"}],\"inLanguage\":\"en-US\"},{\"@type\":\"ImageObject\",\"@id\":\"https:\/\/www.9septembar.com\/?page_id=19116&lang=pt#primaryimage\",\"inLanguage\":\"en-US\",\"url\":\"https:\/\/www.9septembar.com\/wp-content\/uploads\/2021\/12\/napkin-production-line-ico-e1639237822218.png\",\"contentUrl\":\"https:\/\/www.9septembar.com\/wp-content\/uploads\/2021\/12\/napkin-production-line-ico-e1639237822218.png\",\"width\":100,\"height\":100},{\"@type\":\"WebPage\",\"@id\":\"https:\/\/www.9septembar.com\/?page_id=19116&lang=pt#webpage\",\"url\":\"https:\/\/www.9septembar.com\/?page_id=19116&lang=pt\",\"name\":\"Home NEW2 PT - 9.septembar\",\"isPartOf\":{\"@id\":\"https:\/\/www.9septembar.com\/#website\"},\"primaryImageOfPage\":{\"@id\":\"https:\/\/www.9septembar.com\/?page_id=19116&lang=pt#primaryimage\"},\"datePublished\":\"2024-02-19T10:56:08+00:00\",\"dateModified\":\"2024-03-01T10:28:40+00:00\",\"breadcrumb\":{\"@id\":\"https:\/\/www.9septembar.com\/?page_id=19116&lang=pt#breadcrumb\"},\"inLanguage\":\"en-US\",\"potentialAction\":[{\"@type\":\"ReadAction\",\"target\":[\"https:\/\/www.9septembar.com\/?page_id=19116&lang=pt\"]}]},{\"@type\":\"BreadcrumbList\",\"@id\":\"https:\/\/www.9septembar.com\/?page_id=19116&lang=pt#breadcrumb\",\"itemListElement\":[{\"@type\":\"ListItem\",\"position\":1,\"name\":\"Home\",\"item\":\"https:\/\/www.9septembar.com\/?page_id=19116&lang=pt\"},{\"@type\":\"ListItem\",\"position\":2,\"name\":\"Home NEW2 PT\"}]}]}<\/script>\n<!-- \/ Yoast SEO plugin. -->","yoast_head_json":{"title":"Home NEW2 PT - 9.septembar","robots":{"index":"index","follow":"follow","max-snippet":"max-snippet:-1","max-image-preview":"max-image-preview:large","max-video-preview":"max-video-preview:-1"},"canonical":"https:\/\/www.9septembar.com\/?page_id=19116&lang=pt","og_locale":"en_US","og_type":"article","og_title":"Home NEW2 PT - 9.septembar","og_description":"Deixe que os n\u00fameros falem por n\u00f3s Mais de 500 Projetos conclu\u00eddos com sucesso Mais de 100 Funcion\u00e1rios altamente especializados Mais de 50 pa\u00edses ao redor do mundo NOSSA OFERTA Desenvolvemos e produzimos m\u00e1quinas exclusivas de acordo com sua solicita\u00e7\u00e3o. Linhas de produ\u00e7\u00e3o de guardanapos Nossas m\u00e1quinas para fabricar guardanapos s\u00e3o marcas instantaneamente reconhec\u00edveis e...","og_url":"https:\/\/www.9septembar.com\/?page_id=19116&lang=pt","og_site_name":"9.septembar","article_modified_time":"2024-03-01T10:28:40+00:00","og_image":[{"url":"https:\/\/www.9septembar.com\/wp-content\/uploads\/2021\/12\/napkin-production-line-ico-e1639237822218.png"}],"twitter_card":"summary_large_image","twitter_misc":{"Est. reading time":"2 minutes"},"schema":{"@context":"https:\/\/schema.org","@graph":[{"@type":"WebSite","@id":"https:\/\/www.9septembar.com\/#website","url":"https:\/\/www.9septembar.com\/","name":"9.septembar","description":"","potentialAction":[{"@type":"SearchAction","target":{"@type":"EntryPoint","urlTemplate":"https:\/\/www.9septembar.com\/?s={search_term_string}"},"query-input":"required name=search_term_string"}],"inLanguage":"en-US"},{"@type":"ImageObject","@id":"https:\/\/www.9septembar.com\/?page_id=19116&lang=pt#primaryimage","inLanguage":"en-US","url":"https:\/\/www.9septembar.com\/wp-content\/uploads\/2021\/12\/napkin-production-line-ico-e1639237822218.png","contentUrl":"https:\/\/www.9septembar.com\/wp-content\/uploads\/2021\/12\/napkin-production-line-ico-e1639237822218.png","width":100,"height":100},{"@type":"WebPage","@id":"https:\/\/www.9septembar.com\/?page_id=19116&lang=pt#webpage","url":"https:\/\/www.9septembar.com\/?page_id=19116&lang=pt","name":"Home NEW2 PT - 9.septembar","isPartOf":{"@id":"https:\/\/www.9septembar.com\/#website"},"primaryImageOfPage":{"@id":"https:\/\/www.9septembar.com\/?page_id=19116&lang=pt#primaryimage"},"datePublished":"2024-02-19T10:56:08+00:00","dateModified":"2024-03-01T10:28:40+00:00","breadcrumb":{"@id":"https:\/\/www.9septembar.com\/?page_id=19116&lang=pt#breadcrumb"},"inLanguage":"en-US","potentialAction":[{"@type":"ReadAction","target":["https:\/\/www.9septembar.com\/?page_id=19116&lang=pt"]}]},{"@type":"BreadcrumbList","@id":"https:\/\/www.9septembar.com\/?page_id=19116&lang=pt#breadcrumb","itemListElement":[{"@type":"ListItem","position":1,"name":"Home","item":"https:\/\/www.9septembar.com\/?page_id=19116&lang=pt"},{"@type":"ListItem","position":2,"name":"Home NEW2 PT"}]}]}},"jetpack_sharing_enabled":false,"_links":{"self":[{"href":"https:\/\/www.9septembar.com\/index.php?rest_route=\/wp\/v2\/pages\/19116","targetHints":{"allow":["GET"]}}],"collection":[{"href":"https:\/\/www.9septembar.com\/index.php?rest_route=\/wp\/v2\/pages"}],"about":[{"href":"https:\/\/www.9septembar.com\/index.php?rest_route=\/wp\/v2\/types\/page"}],"author":[{"embeddable":true,"href":"https:\/\/www.9septembar.com\/index.php?rest_route=\/wp\/v2\/users\/1"}],"replies":[{"embeddable":true,"href":"https:\/\/www.9septembar.com\/index.php?rest_route=%2Fwp%2Fv2%2Fcomments&post=19116"}],"version-history":[{"count":11,"href":"https:\/\/www.9septembar.com\/index.php?rest_route=\/wp\/v2\/pages\/19116\/revisions"}],"predecessor-version":[{"id":19278,"href":"https:\/\/www.9septembar.com\/index.php?rest_route=\/wp\/v2\/pages\/19116\/revisions\/19278"}],"wp:attachment":[{"href":"https:\/\/www.9septembar.com\/index.php?rest_route=%2Fwp%2Fv2%2Fmedia&parent=19116"}],"curies":[{"name":"wp","href":"https:\/\/api.w.org\/{rel}","templated":true}]}}