{"id":19128,"date":"2024-02-20T11:51:06","date_gmt":"2024-02-20T11:51:06","guid":{"rendered":"https:\/\/www.9septembar.com\/?page_id=19128"},"modified":"2024-02-20T12:03:07","modified_gmt":"2024-02-20T12:03:07","slug":"features-copy-copy-3","status":"publish","type":"page","link":"https:\/\/www.9septembar.com\/?page_id=19128&lang=pt","title":{"rendered":"Our offer PT"},"content":{"rendered":"<div class=\"vgblk-rw-wrapper limit-wrapper\">\r\n\r\n\t\t\t\t\t\t\t<img loading=\"lazy\" decoding=\"async\" src=\"https:\/\/www.9septembar.com\/wp-content\/uploads\/2021\/12\/napkin-production-line-ico-e1639237822218.png\" alt=\"napkin-production-line-ico\" itemprop=\"image\" height=\"100\" width=\"100\" title=\"napkin-production-line-ico\" onerror=\"this.style.display='none'\"  sizes=\"auto, (max-width: 768px) 100vw, 100vw\"\/>\t\t\t\t\t\t\t\r\n<h3>\r\n\tLinhas de produ\u00e7\u00e3o <br \/>de guardanapos\r\n\t<\/h3>\r\n\t<p>Nossas m\u00e1quinas para fabricar guardanapos s\u00e3o marcas instantaneamente reconhec\u00edveis e se tornaram sin\u00f4nimo de alta qualidade. N\u00e3o s\u00f3 podemos fornecer uma solu\u00e7\u00e3o personalizada para todas as suas necessidades, mas tamb\u00e9m estamos pesquisando o mercado para oferecer-lhe hoje tecnologias do futuro e a um pre\u00e7o acess\u00edvel.<\/p>\r\n\t\t\t\t\t\t\t<img loading=\"lazy\" decoding=\"async\" src=\"https:\/\/www.9septembar.com\/wp-content\/uploads\/2021\/12\/hendkerchief-production-line-ico-e1639238002480.png\" alt=\"hendkerchief-production-line-ico\" itemprop=\"image\" height=\"100\" width=\"100\" title=\"hendkerchief-production-line-ico\" onerror=\"this.style.display='none'\"  sizes=\"auto, (max-width: 768px) 100vw, 100vw\"\/>\t\t\t\t\t\t\t\r\n<h3>\r\n\tLinhas de produ\u00e7\u00e3o<br \/>de len\u00e7os\r\n\t<\/h3>\r\n\t<p>Iniciamos nossa aventura de convers\u00e3o de papel produzindo primeiro esta m\u00e1quina, por isso \u00e9 uma das melhores e mais confi\u00e1veis m\u00e1quinas do g\u00eanero no mercado. Nosso ponto forte \u00e9 que melhoramos o transporte desde a m\u00e1quina de convers\u00e3o at\u00e9 a embalagem com perfei\u00e7\u00e3o. Portanto, nossas m\u00e1quinas n\u00e3o s\u00e3o apenas r\u00e1pidas e confi\u00e1veis, mas tamb\u00e9m totalmente automatizadas.<\/p>\r\n\t\t\t\t\t\t\t<img loading=\"lazy\" decoding=\"async\" src=\"https:\/\/www.9septembar.com\/wp-content\/uploads\/2021\/12\/Placemats-Production-Lines-e1639756612353.png\" alt=\"Placemats-Production-Lines\" itemprop=\"image\" height=\"100\" width=\"100\" title=\"Placemats-Production-Lines\" onerror=\"this.style.display='none'\"  sizes=\"auto, (max-width: 768px) 100vw, 100vw\"\/>\t\t\t\t\t\t\t\r\n<h3>\r\n\tLinhas de produ\u00e7\u00e3o <br \/>de jogos americanos\r\n\t<\/h3>\r\n\t<p>MATS \u00e9 uma m\u00e1quina modular projetada para a produ\u00e7\u00e3o de jogos americanos descart\u00e1veis. Conforme solicita\u00e7\u00e3o do cliente, os jogos americanos podem ser produzidos em diversos materiais, em diversos tamanhos, tornando-se produtos multifuncionais que podem ser utilizados tamb\u00e9m nos setores m\u00e9dico, de est\u00e9tica e veterin\u00e1rio.<\/p>\r\n\t\t\t\t\t\t\t<img loading=\"lazy\" decoding=\"async\" src=\"https:\/\/www.9septembar.com\/wp-content\/uploads\/2023\/04\/Table-Clothes-Production-Lines-ico-100x100-01-100x100.png\" alt=\"Table-Clothes-Production-Lines-ico-100x100-01\" itemprop=\"image\" height=\"100\" width=\"100\" title=\"Table-Clothes-Production-Lines-ico-100x100-01\" onerror=\"this.style.display='none'\"  sizes=\"auto, (max-width: 768px) 100vw, 100vw\" srcset=\"data:image\/svg+xml;utf8,&lt;svg%20xmlns=&quot;http:\/\/www.w3.org\/2000\/svg&quot;%20viewBox=&quot;0%200%20800%20800&quot;%20height=&quot;800px&quot;%20width=&quot;800px&quot;\/&gt;\" data-srcset=\"https:\/\/www.9septembar.com\/wp-content\/uploads\/2023\/04\/Table-Clothes-Production-Lines-ico-100x100-01-100x100.png 100w, https:\/\/www.9septembar.com\/wp-content\/uploads\/2023\/04\/Table-Clothes-Production-Lines-ico-100x100-01-300x300.png 300w, https:\/\/www.9septembar.com\/wp-content\/uploads\/2023\/04\/Table-Clothes-Production-Lines-ico-100x100-01-150x150.png 150w, https:\/\/www.9septembar.com\/wp-content\/uploads\/2023\/04\/Table-Clothes-Production-Lines-ico-100x100-01-768x768.png 768w, https:\/\/www.9septembar.com\/wp-content\/uploads\/2023\/04\/Table-Clothes-Production-Lines-ico-100x100-01-630x630.png 630w, https:\/\/www.9septembar.com\/wp-content\/uploads\/2023\/04\/Table-Clothes-Production-Lines-ico-100x100-01-420x420.png 420w, https:\/\/www.9septembar.com\/wp-content\/uploads\/2023\/04\/Table-Clothes-Production-Lines-ico-100x100-01-315x315.png 315w, https:\/\/www.9septembar.com\/wp-content\/uploads\/2023\/04\/Table-Clothes-Production-Lines-ico-100x100-01.png 800w\" \/>\t\t\t\t\t\t\t\r\n<h3>\r\n\tLinhas de produ\u00e7\u00e3o <br \/>de roupas de mesa\r\n\t<\/h3>\r\n\t<p>Com seu design modular, a ASTall oferece a produ\u00e7\u00e3o de toalhas de mesa de alta qualidade em diversos designs, formatos e dimens\u00f5es.<\/p>\r\n<p>A cada minuto, esta linha de produ\u00e7\u00e3o converte o rolo principal em <strong>mais de 100 roupas de mesa de alta qualidade.<\/strong><\/p>\r\n\t\t\t\t\t\t\t<img loading=\"lazy\" decoding=\"async\" src=\"https:\/\/www.9septembar.com\/wp-content\/uploads\/2021\/12\/protective-pads-production-line-ico-e1639331075392.png\" alt=\"protective-pads-production-line-ico\" itemprop=\"image\" height=\"100\" width=\"115\" title=\"protective-pads-production-line-ico\" onerror=\"this.style.display='none'\"  sizes=\"auto, (max-width: 768px) 100vw, 100vw\"\/>\t\t\t\t\t\t\t\r\n<h3>\r\n\tLinhas de produ\u00e7\u00e3o <br \/>de almofadas protetoras\r\n\t<\/h3>\r\n\t<p>Estamos implementando e desenvolvendo nova linha de produtos &#8211; m\u00e1quinas que produzem protetores descart\u00e1veis e imperme\u00e1veis. O produto final pode ser enrolado ou dobrado.<\/p>\r\n\t\t\t\t\t\t\t<img loading=\"lazy\" decoding=\"async\" src=\"https:\/\/www.9septembar.com\/wp-content\/uploads\/2021\/12\/winderslitters-ico-e1639237894106.png\" alt=\"winder&amp;slitters-ico\" itemprop=\"image\" height=\"100\" width=\"100\" title=\"winder&amp;slitters-ico\" onerror=\"this.style.display='none'\"  sizes=\"auto, (max-width: 768px) 100vw, 100vw\"\/>\t\t\t\t\t\t\t\r\n<h3>\r\n\tRebobinadeiras e cortadeiras\r\n\t<\/h3>\r\n\t<p>Cada f\u00e1brica de convers\u00e3o de papel tem uma forte demanda por Rebinadeiras e Cortadeiras. Para isso, entregamos m\u00e1quinas simples e confi\u00e1veis. N\u00e3o importa se \u00e9 papel Airlaid , DRC ou Tissue, nossas rebobinadeiras e cortadeiras ter\u00e3o um papel fundamental no suporte \u00e0s linhas de produ\u00e7\u00e3o. Rebobinadeiras e cortadeiras r\u00e1pidas e confi\u00e1veis podem ser feitas em qualquer tamanho razo\u00e1vel.<\/p>\r\n\r\n<\/div><!-- .vgblk-rw-wrapper -->","protected":false},"excerpt":{"rendered":"<p>Linhas de produ\u00e7\u00e3o de guardanapos Nossas m\u00e1quinas para fabricar guardanapos s\u00e3o marcas instantaneamente reconhec\u00edveis e se tornaram sin\u00f4nimo de alta qualidade. N\u00e3o s\u00f3 podemos fornecer uma solu\u00e7\u00e3o personalizada para todas as suas necessidades, mas tamb\u00e9m estamos pesquisando o mercado para oferecer-lhe hoje tecnologias do futuro e a um pre\u00e7o acess\u00edvel. Linhas de produ\u00e7\u00e3ode len\u00e7os Iniciamos&#8230;<\/p>\n","protected":false},"author":1,"featured_media":0,"parent":0,"menu_order":0,"comment_status":"closed","ping_status":"closed","template":"","meta":{"inline_featured_image":false,"footnotes":""},"class_list":["post-19128","page","type-page","status-publish","hentry"],"yoast_head":"<!-- This site is optimized with the Yoast SEO plugin v18.5.1 - https:\/\/yoast.com\/wordpress\/plugins\/seo\/ -->\n<title>Our offer PT - 9.septembar<\/title>\n<meta name=\"robots\" content=\"index, follow, max-snippet:-1, max-image-preview:large, max-video-preview:-1\" \/>\n<link rel=\"canonical\" href=\"https:\/\/www.9septembar.com\/?page_id=19128&#038;lang=pt\" \/>\n<meta property=\"og:locale\" content=\"en_US\" \/>\n<meta property=\"og:type\" content=\"article\" \/>\n<meta property=\"og:title\" content=\"Our offer PT - 9.septembar\" \/>\n<meta property=\"og:description\" content=\"Linhas de produ\u00e7\u00e3o de guardanapos Nossas m\u00e1quinas para fabricar guardanapos s\u00e3o marcas instantaneamente reconhec\u00edveis e se tornaram sin\u00f4nimo de alta qualidade. N\u00e3o s\u00f3 podemos fornecer uma solu\u00e7\u00e3o personalizada para todas as suas necessidades, mas tamb\u00e9m estamos pesquisando o mercado para oferecer-lhe hoje tecnologias do futuro e a um pre\u00e7o acess\u00edvel. Linhas de produ\u00e7\u00e3ode len\u00e7os Iniciamos...\" \/>\n<meta property=\"og:url\" content=\"https:\/\/www.9septembar.com\/?page_id=19128&amp;lang=pt\" \/>\n<meta property=\"og:site_name\" content=\"9.septembar\" \/>\n<meta property=\"article:modified_time\" content=\"2024-02-20T12:03:07+00:00\" \/>\n<meta property=\"og:image\" content=\"https:\/\/www.9septembar.com\/wp-content\/uploads\/2021\/12\/napkin-production-line-ico-e1639237822218.png\" \/>\n<meta name=\"twitter:card\" content=\"summary_large_image\" \/>\n<meta name=\"twitter:label1\" content=\"Est. reading time\" \/>\n\t<meta name=\"twitter:data1\" content=\"2 minutes\" \/>\n<script type=\"application\/ld+json\" class=\"yoast-schema-graph\">{\"@context\":\"https:\/\/schema.org\",\"@graph\":[{\"@type\":\"WebSite\",\"@id\":\"https:\/\/www.9septembar.com\/#website\",\"url\":\"https:\/\/www.9septembar.com\/\",\"name\":\"9.septembar\",\"description\":\"\",\"potentialAction\":[{\"@type\":\"SearchAction\",\"target\":{\"@type\":\"EntryPoint\",\"urlTemplate\":\"https:\/\/www.9septembar.com\/?s={search_term_string}\"},\"query-input\":\"required name=search_term_string\"}],\"inLanguage\":\"en-US\"},{\"@type\":\"ImageObject\",\"@id\":\"https:\/\/www.9septembar.com\/?page_id=19128&lang=pt#primaryimage\",\"inLanguage\":\"en-US\",\"url\":\"https:\/\/www.9septembar.com\/wp-content\/uploads\/2021\/12\/napkin-production-line-ico-e1639237822218.png\",\"contentUrl\":\"https:\/\/www.9septembar.com\/wp-content\/uploads\/2021\/12\/napkin-production-line-ico-e1639237822218.png\",\"width\":100,\"height\":100},{\"@type\":\"WebPage\",\"@id\":\"https:\/\/www.9septembar.com\/?page_id=19128&lang=pt#webpage\",\"url\":\"https:\/\/www.9septembar.com\/?page_id=19128&lang=pt\",\"name\":\"Our offer PT - 9.septembar\",\"isPartOf\":{\"@id\":\"https:\/\/www.9septembar.com\/#website\"},\"primaryImageOfPage\":{\"@id\":\"https:\/\/www.9septembar.com\/?page_id=19128&lang=pt#primaryimage\"},\"datePublished\":\"2024-02-20T11:51:06+00:00\",\"dateModified\":\"2024-02-20T12:03:07+00:00\",\"breadcrumb\":{\"@id\":\"https:\/\/www.9septembar.com\/?page_id=19128&lang=pt#breadcrumb\"},\"inLanguage\":\"en-US\",\"potentialAction\":[{\"@type\":\"ReadAction\",\"target\":[\"https:\/\/www.9septembar.com\/?page_id=19128&lang=pt\"]}]},{\"@type\":\"BreadcrumbList\",\"@id\":\"https:\/\/www.9septembar.com\/?page_id=19128&lang=pt#breadcrumb\",\"itemListElement\":[{\"@type\":\"ListItem\",\"position\":1,\"name\":\"Home\",\"item\":\"https:\/\/www.9septembar.com\/?page_id=19116&lang=pt\"},{\"@type\":\"ListItem\",\"position\":2,\"name\":\"Our offer PT\"}]}]}<\/script>\n<!-- \/ Yoast SEO plugin. -->","yoast_head_json":{"title":"Our offer PT - 9.septembar","robots":{"index":"index","follow":"follow","max-snippet":"max-snippet:-1","max-image-preview":"max-image-preview:large","max-video-preview":"max-video-preview:-1"},"canonical":"https:\/\/www.9septembar.com\/?page_id=19128&lang=pt","og_locale":"en_US","og_type":"article","og_title":"Our offer PT - 9.septembar","og_description":"Linhas de produ\u00e7\u00e3o de guardanapos Nossas m\u00e1quinas para fabricar guardanapos s\u00e3o marcas instantaneamente reconhec\u00edveis e se tornaram sin\u00f4nimo de alta qualidade. N\u00e3o s\u00f3 podemos fornecer uma solu\u00e7\u00e3o personalizada para todas as suas necessidades, mas tamb\u00e9m estamos pesquisando o mercado para oferecer-lhe hoje tecnologias do futuro e a um pre\u00e7o acess\u00edvel. Linhas de produ\u00e7\u00e3ode len\u00e7os Iniciamos...","og_url":"https:\/\/www.9septembar.com\/?page_id=19128&lang=pt","og_site_name":"9.septembar","article_modified_time":"2024-02-20T12:03:07+00:00","og_image":[{"url":"https:\/\/www.9septembar.com\/wp-content\/uploads\/2021\/12\/napkin-production-line-ico-e1639237822218.png"}],"twitter_card":"summary_large_image","twitter_misc":{"Est. reading time":"2 minutes"},"schema":{"@context":"https:\/\/schema.org","@graph":[{"@type":"WebSite","@id":"https:\/\/www.9septembar.com\/#website","url":"https:\/\/www.9septembar.com\/","name":"9.septembar","description":"","potentialAction":[{"@type":"SearchAction","target":{"@type":"EntryPoint","urlTemplate":"https:\/\/www.9septembar.com\/?s={search_term_string}"},"query-input":"required name=search_term_string"}],"inLanguage":"en-US"},{"@type":"ImageObject","@id":"https:\/\/www.9septembar.com\/?page_id=19128&lang=pt#primaryimage","inLanguage":"en-US","url":"https:\/\/www.9septembar.com\/wp-content\/uploads\/2021\/12\/napkin-production-line-ico-e1639237822218.png","contentUrl":"https:\/\/www.9septembar.com\/wp-content\/uploads\/2021\/12\/napkin-production-line-ico-e1639237822218.png","width":100,"height":100},{"@type":"WebPage","@id":"https:\/\/www.9septembar.com\/?page_id=19128&lang=pt#webpage","url":"https:\/\/www.9septembar.com\/?page_id=19128&lang=pt","name":"Our offer PT - 9.septembar","isPartOf":{"@id":"https:\/\/www.9septembar.com\/#website"},"primaryImageOfPage":{"@id":"https:\/\/www.9septembar.com\/?page_id=19128&lang=pt#primaryimage"},"datePublished":"2024-02-20T11:51:06+00:00","dateModified":"2024-02-20T12:03:07+00:00","breadcrumb":{"@id":"https:\/\/www.9septembar.com\/?page_id=19128&lang=pt#breadcrumb"},"inLanguage":"en-US","potentialAction":[{"@type":"ReadAction","target":["https:\/\/www.9septembar.com\/?page_id=19128&lang=pt"]}]},{"@type":"BreadcrumbList","@id":"https:\/\/www.9septembar.com\/?page_id=19128&lang=pt#breadcrumb","itemListElement":[{"@type":"ListItem","position":1,"name":"Home","item":"https:\/\/www.9septembar.com\/?page_id=19116&lang=pt"},{"@type":"ListItem","position":2,"name":"Our offer PT"}]}]}},"jetpack_sharing_enabled":false,"_links":{"self":[{"href":"https:\/\/www.9septembar.com\/index.php?rest_route=\/wp\/v2\/pages\/19128","targetHints":{"allow":["GET"]}}],"collection":[{"href":"https:\/\/www.9septembar.com\/index.php?rest_route=\/wp\/v2\/pages"}],"about":[{"href":"https:\/\/www.9septembar.com\/index.php?rest_route=\/wp\/v2\/types\/page"}],"author":[{"embeddable":true,"href":"https:\/\/www.9septembar.com\/index.php?rest_route=\/wp\/v2\/users\/1"}],"replies":[{"embeddable":true,"href":"https:\/\/www.9septembar.com\/index.php?rest_route=%2Fwp%2Fv2%2Fcomments&post=19128"}],"version-history":[{"count":3,"href":"https:\/\/www.9septembar.com\/index.php?rest_route=\/wp\/v2\/pages\/19128\/revisions"}],"predecessor-version":[{"id":19133,"href":"https:\/\/www.9septembar.com\/index.php?rest_route=\/wp\/v2\/pages\/19128\/revisions\/19133"}],"wp:attachment":[{"href":"https:\/\/www.9septembar.com\/index.php?rest_route=%2Fwp%2Fv2%2Fmedia&parent=19128"}],"curies":[{"name":"wp","href":"https:\/\/api.w.org\/{rel}","templated":true}]}}