{"id":19175,"date":"2024-02-21T15:08:26","date_gmt":"2024-02-21T15:08:26","guid":{"rendered":"https:\/\/www.9septembar.com\/?page_id=19175"},"modified":"2024-02-28T13:59:20","modified_gmt":"2024-02-28T13:59:20","slug":"mats-copy-2","status":"publish","type":"page","link":"https:\/\/www.9septembar.com\/?page_id=19175&lang=pt","title":{"rendered":"Mats PT"},"content":{"rendered":"<div class=\"vgblk-rw-wrapper limit-wrapper\">\r\n<h2>Informa\u00e7\u00f5es<br \/><strong>t\u00e9cnicas<\/strong><\/h2>\r\n<ul>\r\n<li>M\u00e1quina modular projetada para produ\u00e7\u00e3o de jogos americanos descart\u00e1veis.<\/li>\r\n<li>Os jogos americanos podem ser produzidos em diversos materiais, em diversos tamanhos, tornando-se num produto multifuncional que pode ser utilizado tamb\u00e9m nos setores m\u00e9dico, de beleza e veterin\u00e1rio.<\/li>\r\n<\/ul>\r\n<p><strong>Material de convers\u00e3o: <\/strong>papel tissue, Airlaid , Nonwoven, MG<\/p>\r\n<p><strong>Formato de jogo americano: <\/strong>400x300mm, 500x350mm<\/p>\r\n<p><strong>Altura do pacote: <\/strong>200mm<\/p>\r\n<p><strong>N\u00famero de jogos americanos no pacote: <\/strong>100\/200\/250\/500<\/p>\r\n<p><strong>Op\u00e7\u00f5es adicionais: <\/strong>se\u00e7\u00e3o de impress\u00e3o, se\u00e7\u00e3o de lamina\u00e7\u00e3o<\/p>\r\n<p><strong>Contagem de jogos americanos: <\/strong>autom\u00e1tica<\/p>\r\n<p><strong>Transporte de jogos americanos: <\/strong>autom\u00e1tico<\/p>\r\n<p><iframe loading=\"lazy\" title=\"MATS Placemats Production Line\" src=\"https:\/\/www.youtube.com\/embed\/FAIq_mOpnf8?feature=oembed\" width=\"1260\" height=\"709\" frameborder=\"0\" allowfullscreen=\"allowfullscreen\"><\/iframe><\/p>\r\n<p><\/p>\r\n<div class=\"tiled-gallery type-rectangular tiled-gallery-unresized\" data-original-width=\"1260\" data-carousel-extra='{&quot;blog_id&quot;:1,&quot;permalink&quot;:&quot;https:\\\/\\\/www.9septembar.com\\\/?page_id=19175\\u0026lang=pt&quot;,&quot;likes_blog_id&quot;:false}' itemscope itemtype=\"http:\/\/schema.org\/ImageGallery\" > <div class=\"gallery-row\" style=\"width: 1260px; height: 562px;\" data-original-width=\"1260\" data-original-height=\"562\" > <div class=\"gallery-group images-1\" style=\"width: 841px; height: 562px;\" data-original-width=\"841\" data-original-height=\"562\" > <div class=\"tiled-gallery-item tiled-gallery-item-large\" itemprop=\"associatedMedia\" itemscope itemtype=\"http:\/\/schema.org\/ImageObject\"> <meta itemprop=\"width\" content=\"837\"> <meta itemprop=\"height\" content=\"558\"> <img loading=\"lazy\" decoding=\"async\" data-attachment-id=\"18158\" data-orig-file=\"https:\/\/www.9septembar.com\/wp-content\/uploads\/2022\/03\/MATS1.jpg\" data-orig-size=\"1200,800\" data-comments-opened=\"1\" data-image-meta=\"{&quot;aperture&quot;:&quot;0&quot;,&quot;credit&quot;:&quot;&quot;,&quot;camera&quot;:&quot;&quot;,&quot;caption&quot;:&quot;&quot;,&quot;created_timestamp&quot;:&quot;0&quot;,&quot;copyright&quot;:&quot;&quot;,&quot;focal_length&quot;:&quot;0&quot;,&quot;iso&quot;:&quot;0&quot;,&quot;shutter_speed&quot;:&quot;0&quot;,&quot;title&quot;:&quot;&quot;,&quot;orientation&quot;:&quot;0&quot;}\" data-image-title=\"MATS1\" data-image-description=\"\" data-medium-file=\"https:\/\/www.9septembar.com\/wp-content\/uploads\/2022\/03\/MATS1-300x200.jpg\" data-large-file=\"https:\/\/www.9septembar.com\/wp-content\/uploads\/2022\/03\/MATS1-1024x683.jpg\" src=\"https:\/\/www.9septembar.com\/wp-content\/uploads\/2022\/03\/MATS1.jpg\" srcset=\"data:image\/svg+xml;utf8,&lt;svg%20xmlns=&quot;http:\/\/www.w3.org\/2000\/svg&quot;%20viewBox=&quot;0%200%201200%20800&quot;%20height=&quot;800px&quot;%20width=&quot;1200px&quot;\/&gt;\" data-srcset=\"https:\/\/www.9septembar.com\/wp-content\/uploads\/2022\/03\/MATS1.jpg 1200w, https:\/\/www.9septembar.com\/wp-content\/uploads\/2022\/03\/MATS1-300x200.jpg 300w, https:\/\/www.9septembar.com\/wp-content\/uploads\/2022\/03\/MATS1-1024x683.jpg 1024w, https:\/\/www.9septembar.com\/wp-content\/uploads\/2022\/03\/MATS1-768x512.jpg 768w, https:\/\/www.9septembar.com\/wp-content\/uploads\/2022\/03\/MATS1-630x420.jpg 630w, https:\/\/www.9septembar.com\/wp-content\/uploads\/2022\/03\/MATS1-420x280.jpg 420w, https:\/\/www.9septembar.com\/wp-content\/uploads\/2022\/03\/MATS1-840x560.jpg 840w, https:\/\/www.9septembar.com\/wp-content\/uploads\/2022\/03\/MATS1-315x210.jpg 315w\" sizes=\"auto, (max-width: 837px) 100vw, 837px\" width=\"837\" height=\"558\" data-original-width=\"837\" data-original-height=\"558\" itemprop=\"http:\/\/schema.org\/image\" title=\"MATS1\" alt=\"MATS1\" style=\"width: 837px; height: 558px;\" \/> <\/div> <\/div> <!-- close group --> <div class=\"gallery-group images-2\" style=\"width: 419px; height: 562px;\" data-original-width=\"419\" data-original-height=\"562\" > <div class=\"tiled-gallery-item tiled-gallery-item-large\" itemprop=\"associatedMedia\" itemscope itemtype=\"http:\/\/schema.org\/ImageObject\"> <meta itemprop=\"width\" content=\"415\"> <meta itemprop=\"height\" content=\"277\"> <img loading=\"lazy\" decoding=\"async\" data-attachment-id=\"18159\" data-orig-file=\"https:\/\/www.9septembar.com\/wp-content\/uploads\/2022\/03\/MATS2.jpg\" data-orig-size=\"1200,800\" data-comments-opened=\"1\" data-image-meta=\"{&quot;aperture&quot;:&quot;0&quot;,&quot;credit&quot;:&quot;&quot;,&quot;camera&quot;:&quot;&quot;,&quot;caption&quot;:&quot;&quot;,&quot;created_timestamp&quot;:&quot;0&quot;,&quot;copyright&quot;:&quot;&quot;,&quot;focal_length&quot;:&quot;0&quot;,&quot;iso&quot;:&quot;0&quot;,&quot;shutter_speed&quot;:&quot;0&quot;,&quot;title&quot;:&quot;&quot;,&quot;orientation&quot;:&quot;0&quot;}\" data-image-title=\"MATS2\" data-image-description=\"\" data-medium-file=\"https:\/\/www.9septembar.com\/wp-content\/uploads\/2022\/03\/MATS2-300x200.jpg\" data-large-file=\"https:\/\/www.9septembar.com\/wp-content\/uploads\/2022\/03\/MATS2-1024x683.jpg\" src=\"https:\/\/www.9septembar.com\/wp-content\/uploads\/2022\/03\/MATS2.jpg\" srcset=\"data:image\/svg+xml;utf8,&lt;svg%20xmlns=&quot;http:\/\/www.w3.org\/2000\/svg&quot;%20viewBox=&quot;0%200%201200%20800&quot;%20height=&quot;800px&quot;%20width=&quot;1200px&quot;\/&gt;\" data-srcset=\"https:\/\/www.9septembar.com\/wp-content\/uploads\/2022\/03\/MATS2.jpg 1200w, https:\/\/www.9septembar.com\/wp-content\/uploads\/2022\/03\/MATS2-300x200.jpg 300w, https:\/\/www.9septembar.com\/wp-content\/uploads\/2022\/03\/MATS2-1024x683.jpg 1024w, https:\/\/www.9septembar.com\/wp-content\/uploads\/2022\/03\/MATS2-768x512.jpg 768w, https:\/\/www.9septembar.com\/wp-content\/uploads\/2022\/03\/MATS2-630x420.jpg 630w, https:\/\/www.9septembar.com\/wp-content\/uploads\/2022\/03\/MATS2-420x280.jpg 420w, https:\/\/www.9septembar.com\/wp-content\/uploads\/2022\/03\/MATS2-840x560.jpg 840w, https:\/\/www.9septembar.com\/wp-content\/uploads\/2022\/03\/MATS2-315x210.jpg 315w\" sizes=\"auto, (max-width: 415px) 100vw, 415px\" width=\"415\" height=\"277\" data-original-width=\"415\" data-original-height=\"277\" itemprop=\"http:\/\/schema.org\/image\" title=\"MATS2\" alt=\"MATS2\" style=\"width: 415px; height: 277px;\" \/> <\/div> <div class=\"tiled-gallery-item tiled-gallery-item-large\" itemprop=\"associatedMedia\" itemscope itemtype=\"http:\/\/schema.org\/ImageObject\"> <meta itemprop=\"width\" content=\"415\"> <meta itemprop=\"height\" content=\"277\"> <img loading=\"lazy\" decoding=\"async\" data-attachment-id=\"18160\" data-orig-file=\"https:\/\/www.9septembar.com\/wp-content\/uploads\/2022\/03\/MATS3.jpg\" data-orig-size=\"1200,800\" data-comments-opened=\"1\" data-image-meta=\"{&quot;aperture&quot;:&quot;0&quot;,&quot;credit&quot;:&quot;&quot;,&quot;camera&quot;:&quot;&quot;,&quot;caption&quot;:&quot;&quot;,&quot;created_timestamp&quot;:&quot;0&quot;,&quot;copyright&quot;:&quot;&quot;,&quot;focal_length&quot;:&quot;0&quot;,&quot;iso&quot;:&quot;0&quot;,&quot;shutter_speed&quot;:&quot;0&quot;,&quot;title&quot;:&quot;&quot;,&quot;orientation&quot;:&quot;0&quot;}\" data-image-title=\"MATS3\" data-image-description=\"\" data-medium-file=\"https:\/\/www.9septembar.com\/wp-content\/uploads\/2022\/03\/MATS3-300x200.jpg\" data-large-file=\"https:\/\/www.9septembar.com\/wp-content\/uploads\/2022\/03\/MATS3-1024x683.jpg\" src=\"https:\/\/www.9septembar.com\/wp-content\/uploads\/2022\/03\/MATS3.jpg\" srcset=\"data:image\/svg+xml;utf8,&lt;svg%20xmlns=&quot;http:\/\/www.w3.org\/2000\/svg&quot;%20viewBox=&quot;0%200%201200%20800&quot;%20height=&quot;800px&quot;%20width=&quot;1200px&quot;\/&gt;\" data-srcset=\"https:\/\/www.9septembar.com\/wp-content\/uploads\/2022\/03\/MATS3.jpg 1200w, https:\/\/www.9septembar.com\/wp-content\/uploads\/2022\/03\/MATS3-300x200.jpg 300w, https:\/\/www.9septembar.com\/wp-content\/uploads\/2022\/03\/MATS3-1024x683.jpg 1024w, https:\/\/www.9septembar.com\/wp-content\/uploads\/2022\/03\/MATS3-768x512.jpg 768w, https:\/\/www.9septembar.com\/wp-content\/uploads\/2022\/03\/MATS3-630x420.jpg 630w, https:\/\/www.9septembar.com\/wp-content\/uploads\/2022\/03\/MATS3-420x280.jpg 420w, https:\/\/www.9septembar.com\/wp-content\/uploads\/2022\/03\/MATS3-840x560.jpg 840w, https:\/\/www.9septembar.com\/wp-content\/uploads\/2022\/03\/MATS3-315x210.jpg 315w\" sizes=\"auto, (max-width: 415px) 100vw, 415px\" width=\"415\" height=\"277\" data-original-width=\"415\" data-original-height=\"277\" itemprop=\"http:\/\/schema.org\/image\" title=\"MATS3\" alt=\"MATS3\" style=\"width: 415px; height: 277px;\" \/> <\/div> <\/div> <!-- close group --> <\/div> <!-- close row --> <div class=\"gallery-row\" style=\"width: 1260px; height: 720px;\" data-original-width=\"1260\" data-original-height=\"720\" > <div class=\"gallery-group images-1\" style=\"width: 1260px; height: 720px;\" data-original-width=\"1260\" data-original-height=\"720\" > <div class=\"tiled-gallery-item tiled-gallery-item-large\" itemprop=\"associatedMedia\" itemscope itemtype=\"http:\/\/schema.org\/ImageObject\"> <meta itemprop=\"width\" content=\"1256\"> <meta itemprop=\"height\" content=\"716\"> <img loading=\"lazy\" decoding=\"async\" data-attachment-id=\"18161\" data-orig-file=\"https:\/\/www.9septembar.com\/wp-content\/uploads\/2022\/03\/MATS4.jpg\" data-orig-size=\"1200,684\" data-comments-opened=\"1\" data-image-meta=\"{&quot;aperture&quot;:&quot;0&quot;,&quot;credit&quot;:&quot;&quot;,&quot;camera&quot;:&quot;&quot;,&quot;caption&quot;:&quot;&quot;,&quot;created_timestamp&quot;:&quot;0&quot;,&quot;copyright&quot;:&quot;&quot;,&quot;focal_length&quot;:&quot;0&quot;,&quot;iso&quot;:&quot;0&quot;,&quot;shutter_speed&quot;:&quot;0&quot;,&quot;title&quot;:&quot;&quot;,&quot;orientation&quot;:&quot;0&quot;}\" data-image-title=\"MATS4\" data-image-description=\"\" data-medium-file=\"https:\/\/www.9septembar.com\/wp-content\/uploads\/2022\/03\/MATS4-300x171.jpg\" data-large-file=\"https:\/\/www.9septembar.com\/wp-content\/uploads\/2022\/03\/MATS4-1024x584.jpg\" src=\"https:\/\/www.9septembar.com\/wp-content\/uploads\/2022\/03\/MATS4.jpg\" srcset=\"data:image\/svg+xml;utf8,&lt;svg%20xmlns=&quot;http:\/\/www.w3.org\/2000\/svg&quot;%20viewBox=&quot;0%200%201200%20684&quot;%20height=&quot;684px&quot;%20width=&quot;1200px&quot;\/&gt;\" data-srcset=\"https:\/\/www.9septembar.com\/wp-content\/uploads\/2022\/03\/MATS4.jpg 1200w, https:\/\/www.9septembar.com\/wp-content\/uploads\/2022\/03\/MATS4-300x171.jpg 300w, https:\/\/www.9septembar.com\/wp-content\/uploads\/2022\/03\/MATS4-1024x584.jpg 1024w, https:\/\/www.9septembar.com\/wp-content\/uploads\/2022\/03\/MATS4-768x438.jpg 768w, https:\/\/www.9septembar.com\/wp-content\/uploads\/2022\/03\/MATS4-630x359.jpg 630w, https:\/\/www.9septembar.com\/wp-content\/uploads\/2022\/03\/MATS4-420x239.jpg 420w, https:\/\/www.9septembar.com\/wp-content\/uploads\/2022\/03\/MATS4-840x479.jpg 840w, https:\/\/www.9septembar.com\/wp-content\/uploads\/2022\/03\/MATS4-315x180.jpg 315w\" sizes=\"auto, (max-width: 1256px) 100vw, 1256px\" width=\"1256\" height=\"716\" data-original-width=\"1256\" data-original-height=\"716\" itemprop=\"http:\/\/schema.org\/image\" title=\"MATS4\" alt=\"MATS4\" style=\"width: 1256px; height: 716px;\" \/> <\/div> <\/div> <!-- close group --> <\/div> <!-- close row --> <\/div>\r\n<p><\/p>\r\n<\/div><!-- .vgblk-rw-wrapper -->","protected":false},"excerpt":{"rendered":"","protected":false},"author":1,"featured_media":0,"parent":0,"menu_order":0,"comment_status":"closed","ping_status":"closed","template":"","meta":{"inline_featured_image":false,"footnotes":""},"class_list":["post-19175","page","type-page","status-publish","hentry"],"yoast_head":"<!-- This site is optimized with the Yoast SEO plugin v18.5.1 - https:\/\/yoast.com\/wordpress\/plugins\/seo\/ -->\n<title>Mats PT - 9.septembar<\/title>\n<meta name=\"robots\" content=\"index, follow, max-snippet:-1, max-image-preview:large, max-video-preview:-1\" \/>\n<link rel=\"canonical\" href=\"https:\/\/www.9septembar.com\/?page_id=19175&#038;lang=pt\" \/>\n<meta property=\"og:locale\" content=\"en_US\" \/>\n<meta property=\"og:type\" content=\"article\" \/>\n<meta property=\"og:title\" content=\"Mats PT - 9.septembar\" \/>\n<meta property=\"og:url\" content=\"https:\/\/www.9septembar.com\/?page_id=19175&amp;lang=pt\" \/>\n<meta property=\"og:site_name\" content=\"9.septembar\" \/>\n<meta property=\"article:modified_time\" content=\"2024-02-28T13:59:20+00:00\" \/>\n<meta property=\"og:image\" content=\"https:\/\/www.9septembar.com\/wp-content\/uploads\/2022\/03\/MATS1.jpg\" \/>\n<meta name=\"twitter:card\" content=\"summary_large_image\" \/>\n<meta name=\"twitter:label1\" content=\"Est. reading time\" \/>\n\t<meta name=\"twitter:data1\" content=\"1 minute\" \/>\n<script type=\"application\/ld+json\" class=\"yoast-schema-graph\">{\"@context\":\"https:\/\/schema.org\",\"@graph\":[{\"@type\":\"WebSite\",\"@id\":\"https:\/\/www.9septembar.com\/#website\",\"url\":\"https:\/\/www.9septembar.com\/\",\"name\":\"9.septembar\",\"description\":\"\",\"potentialAction\":[{\"@type\":\"SearchAction\",\"target\":{\"@type\":\"EntryPoint\",\"urlTemplate\":\"https:\/\/www.9septembar.com\/?s={search_term_string}\"},\"query-input\":\"required name=search_term_string\"}],\"inLanguage\":\"en-US\"},{\"@type\":\"WebPage\",\"@id\":\"https:\/\/www.9septembar.com\/?page_id=19175&lang=pt#webpage\",\"url\":\"https:\/\/www.9septembar.com\/?page_id=19175&lang=pt\",\"name\":\"Mats PT - 9.septembar\",\"isPartOf\":{\"@id\":\"https:\/\/www.9septembar.com\/#website\"},\"datePublished\":\"2024-02-21T15:08:26+00:00\",\"dateModified\":\"2024-02-28T13:59:20+00:00\",\"breadcrumb\":{\"@id\":\"https:\/\/www.9septembar.com\/?page_id=19175&lang=pt#breadcrumb\"},\"inLanguage\":\"en-US\",\"potentialAction\":[{\"@type\":\"ReadAction\",\"target\":[\"https:\/\/www.9septembar.com\/?page_id=19175&lang=pt\"]}]},{\"@type\":\"BreadcrumbList\",\"@id\":\"https:\/\/www.9septembar.com\/?page_id=19175&lang=pt#breadcrumb\",\"itemListElement\":[{\"@type\":\"ListItem\",\"position\":1,\"name\":\"Home\",\"item\":\"https:\/\/www.9septembar.com\/?page_id=19116&lang=pt\"},{\"@type\":\"ListItem\",\"position\":2,\"name\":\"Mats PT\"}]}]}<\/script>\n<!-- \/ Yoast SEO plugin. -->","yoast_head_json":{"title":"Mats PT - 9.septembar","robots":{"index":"index","follow":"follow","max-snippet":"max-snippet:-1","max-image-preview":"max-image-preview:large","max-video-preview":"max-video-preview:-1"},"canonical":"https:\/\/www.9septembar.com\/?page_id=19175&lang=pt","og_locale":"en_US","og_type":"article","og_title":"Mats PT - 9.septembar","og_url":"https:\/\/www.9septembar.com\/?page_id=19175&lang=pt","og_site_name":"9.septembar","article_modified_time":"2024-02-28T13:59:20+00:00","og_image":[{"url":"https:\/\/www.9septembar.com\/wp-content\/uploads\/2022\/03\/MATS1.jpg"}],"twitter_card":"summary_large_image","twitter_misc":{"Est. reading time":"1 minute"},"schema":{"@context":"https:\/\/schema.org","@graph":[{"@type":"WebSite","@id":"https:\/\/www.9septembar.com\/#website","url":"https:\/\/www.9septembar.com\/","name":"9.septembar","description":"","potentialAction":[{"@type":"SearchAction","target":{"@type":"EntryPoint","urlTemplate":"https:\/\/www.9septembar.com\/?s={search_term_string}"},"query-input":"required name=search_term_string"}],"inLanguage":"en-US"},{"@type":"WebPage","@id":"https:\/\/www.9septembar.com\/?page_id=19175&lang=pt#webpage","url":"https:\/\/www.9septembar.com\/?page_id=19175&lang=pt","name":"Mats PT - 9.septembar","isPartOf":{"@id":"https:\/\/www.9septembar.com\/#website"},"datePublished":"2024-02-21T15:08:26+00:00","dateModified":"2024-02-28T13:59:20+00:00","breadcrumb":{"@id":"https:\/\/www.9septembar.com\/?page_id=19175&lang=pt#breadcrumb"},"inLanguage":"en-US","potentialAction":[{"@type":"ReadAction","target":["https:\/\/www.9septembar.com\/?page_id=19175&lang=pt"]}]},{"@type":"BreadcrumbList","@id":"https:\/\/www.9septembar.com\/?page_id=19175&lang=pt#breadcrumb","itemListElement":[{"@type":"ListItem","position":1,"name":"Home","item":"https:\/\/www.9septembar.com\/?page_id=19116&lang=pt"},{"@type":"ListItem","position":2,"name":"Mats PT"}]}]}},"jetpack_sharing_enabled":true,"_links":{"self":[{"href":"https:\/\/www.9septembar.com\/index.php?rest_route=\/wp\/v2\/pages\/19175","targetHints":{"allow":["GET"]}}],"collection":[{"href":"https:\/\/www.9septembar.com\/index.php?rest_route=\/wp\/v2\/pages"}],"about":[{"href":"https:\/\/www.9septembar.com\/index.php?rest_route=\/wp\/v2\/types\/page"}],"author":[{"embeddable":true,"href":"https:\/\/www.9septembar.com\/index.php?rest_route=\/wp\/v2\/users\/1"}],"replies":[{"embeddable":true,"href":"https:\/\/www.9septembar.com\/index.php?rest_route=%2Fwp%2Fv2%2Fcomments&post=19175"}],"version-history":[{"count":3,"href":"https:\/\/www.9septembar.com\/index.php?rest_route=\/wp\/v2\/pages\/19175\/revisions"}],"predecessor-version":[{"id":19260,"href":"https:\/\/www.9septembar.com\/index.php?rest_route=\/wp\/v2\/pages\/19175\/revisions\/19260"}],"wp:attachment":[{"href":"https:\/\/www.9septembar.com\/index.php?rest_route=%2Fwp%2Fv2%2Fmedia&parent=19175"}],"curies":[{"name":"wp","href":"https:\/\/api.w.org\/{rel}","templated":true}]}}