{"id":19179,"date":"2024-02-21T15:11:37","date_gmt":"2024-02-21T15:11:37","guid":{"rendered":"https:\/\/www.9septembar.com\/?page_id=19179"},"modified":"2024-02-29T10:43:10","modified_gmt":"2024-02-29T10:43:10","slug":"electronic-materials-copy-copy-2-copy-2","status":"publish","type":"page","link":"https:\/\/www.9septembar.com\/?page_id=19179&lang=pt","title":{"rendered":"AsTall PT"},"content":{"rendered":"<div class=\"vgblk-rw-wrapper limit-wrapper\">\r\n<h2>Informa\u00e7\u00f5es<br \/><strong>t\u00e9cnicas<\/strong><\/h2>\r\n<p>Com seu design modular, a ASTall oferece a produ\u00e7\u00e3o de toalhas de mesa de alta qualidade em diversos designs, formatos e dimens\u00f5es.<\/p>\r\n<p>A cada minuto, esta linha de produ\u00e7\u00e3o converte o rolo principal em mais<strong> de 100 toalhas de mesa de alta qualidade.<\/strong><\/p>\r\n<p><strong>Dimens\u00e3o da toalha de mesa : <\/strong>at\u00e9 1,5 m<\/p>\r\n<p><strong>Material de convers\u00e3o: <\/strong>Airlaid , Nonwoven, Spunlace , Spunbond<\/p>\r\n<p><strong>Tipo de dobragem: <\/strong>1\/8 MT Sistema de remo\u00e7\u00e3o de aparas<\/p>\r\n<p><strong>Opcional: <\/strong>serra de fita m\u00f3vel<\/p>\r\n<p><strong>Se\u00e7\u00f5es adicionais: <\/strong>impress\u00e3o<\/p>\r\n<p>Conforme solicita\u00e7\u00e3o do cliente, as toalhas de mesa podem ser produzidas em diversos materiais, em diferentes tamanhos, tornando-se produto multifuncional<\/p>\r\n<p><iframe loading=\"lazy\" title=\"ASTall: Table Clothes Production Line\" src=\"https:\/\/www.youtube.com\/embed\/1kkouxd4wRY?feature=oembed\" width=\"1260\" height=\"709\" frameborder=\"0\" allowfullscreen=\"allowfullscreen\"><\/iframe> <img loading=\"lazy\" decoding=\"async\" title=\"AsTall\" src=\"https:\/\/www.9septembar.com\/wp-content\/uploads\/2023\/04\/AsTall.jpg\" sizes=\"auto, (max-width: 768px) 100vw, 100vw\" srcset=\"data:image\/svg+xml;utf8,&lt;svg%20xmlns=&quot;http:\/\/www.w3.org\/2000\/svg&quot;%20viewBox=&quot;0%200%201200%20684&quot;%20height=&quot;684px&quot;%20width=&quot;1200px&quot;\/&gt;\" alt=\"AsTall\" width=\"1200\" height=\"684\" data-srcset=\"https:\/\/www.9septembar.com\/wp-content\/uploads\/2023\/04\/AsTall.jpg 1200w, https:\/\/www.9septembar.com\/wp-content\/uploads\/2023\/04\/AsTall-300x171.jpg 300w, https:\/\/www.9septembar.com\/wp-content\/uploads\/2023\/04\/AsTall-1024x584.jpg 1024w, https:\/\/www.9septembar.com\/wp-content\/uploads\/2023\/04\/AsTall-768x438.jpg 768w, https:\/\/www.9septembar.com\/wp-content\/uploads\/2023\/04\/AsTall-630x359.jpg 630w, https:\/\/www.9septembar.com\/wp-content\/uploads\/2023\/04\/AsTall-420x239.jpg 420w, https:\/\/www.9septembar.com\/wp-content\/uploads\/2023\/04\/AsTall-840x479.jpg 840w, https:\/\/www.9septembar.com\/wp-content\/uploads\/2023\/04\/AsTall-315x180.jpg 315w\" \/><\/p>\r\n<p><\/p>\r\n<div class=\"tiled-gallery type-rectangular tiled-gallery-unresized\" data-original-width=\"1260\" data-carousel-extra='{&quot;blog_id&quot;:1,&quot;permalink&quot;:&quot;https:\\\/\\\/www.9septembar.com\\\/?page_id=19179\\u0026lang=pt&quot;,&quot;likes_blog_id&quot;:false}' itemscope itemtype=\"http:\/\/schema.org\/ImageGallery\" > <div class=\"gallery-row\" style=\"width: 1260px; height: 361px;\" data-original-width=\"1260\" data-original-height=\"361\" > <div class=\"gallery-group images-1\" style=\"width: 630px; height: 361px;\" data-original-width=\"630\" data-original-height=\"361\" > <div class=\"tiled-gallery-item tiled-gallery-item-large\" itemprop=\"associatedMedia\" itemscope itemtype=\"http:\/\/schema.org\/ImageObject\"> <meta itemprop=\"width\" content=\"626\"> <meta itemprop=\"height\" content=\"357\"> <img loading=\"lazy\" decoding=\"async\" data-attachment-id=\"18699\" data-orig-file=\"https:\/\/www.9septembar.com\/wp-content\/uploads\/2023\/04\/AsTall2.jpg\" data-orig-size=\"1000,570\" data-comments-opened=\"1\" data-image-meta=\"{&quot;aperture&quot;:&quot;0&quot;,&quot;credit&quot;:&quot;&quot;,&quot;camera&quot;:&quot;&quot;,&quot;caption&quot;:&quot;&quot;,&quot;created_timestamp&quot;:&quot;0&quot;,&quot;copyright&quot;:&quot;&quot;,&quot;focal_length&quot;:&quot;0&quot;,&quot;iso&quot;:&quot;0&quot;,&quot;shutter_speed&quot;:&quot;0&quot;,&quot;title&quot;:&quot;&quot;,&quot;orientation&quot;:&quot;1&quot;}\" data-image-title=\"AsTall2\" data-image-description=\"\" data-medium-file=\"https:\/\/www.9septembar.com\/wp-content\/uploads\/2023\/04\/AsTall2-300x171.jpg\" data-large-file=\"https:\/\/www.9septembar.com\/wp-content\/uploads\/2023\/04\/AsTall2.jpg\" src=\"https:\/\/www.9septembar.com\/wp-content\/uploads\/2023\/04\/AsTall2.jpg\" srcset=\"data:image\/svg+xml;utf8,&lt;svg%20xmlns=&quot;http:\/\/www.w3.org\/2000\/svg&quot;%20viewBox=&quot;0%200%201000%20570&quot;%20height=&quot;570px&quot;%20width=&quot;1000px&quot;\/&gt;\" data-srcset=\"https:\/\/www.9septembar.com\/wp-content\/uploads\/2023\/04\/AsTall2.jpg 1000w, https:\/\/www.9septembar.com\/wp-content\/uploads\/2023\/04\/AsTall2-300x171.jpg 300w, https:\/\/www.9septembar.com\/wp-content\/uploads\/2023\/04\/AsTall2-768x438.jpg 768w, https:\/\/www.9septembar.com\/wp-content\/uploads\/2023\/04\/AsTall2-630x359.jpg 630w, https:\/\/www.9septembar.com\/wp-content\/uploads\/2023\/04\/AsTall2-420x239.jpg 420w, https:\/\/www.9septembar.com\/wp-content\/uploads\/2023\/04\/AsTall2-840x479.jpg 840w, https:\/\/www.9septembar.com\/wp-content\/uploads\/2023\/04\/AsTall2-315x180.jpg 315w\" sizes=\"auto, (max-width: 626px) 100vw, 626px\" width=\"626\" height=\"357\" data-original-width=\"626\" data-original-height=\"357\" itemprop=\"http:\/\/schema.org\/image\" title=\"AsTall2\" alt=\"AsTall2\" style=\"width: 626px; height: 357px;\" \/> <\/div> <\/div> <!-- close group --> <div class=\"gallery-group images-1\" style=\"width: 630px; height: 361px;\" data-original-width=\"630\" data-original-height=\"361\" > <div class=\"tiled-gallery-item tiled-gallery-item-large\" itemprop=\"associatedMedia\" itemscope itemtype=\"http:\/\/schema.org\/ImageObject\"> <meta itemprop=\"width\" content=\"626\"> <meta itemprop=\"height\" content=\"357\"> <img loading=\"lazy\" decoding=\"async\" data-attachment-id=\"18700\" data-orig-file=\"https:\/\/www.9septembar.com\/wp-content\/uploads\/2023\/04\/AsTall3.jpg\" data-orig-size=\"1000,570\" data-comments-opened=\"1\" data-image-meta=\"{&quot;aperture&quot;:&quot;0&quot;,&quot;credit&quot;:&quot;&quot;,&quot;camera&quot;:&quot;&quot;,&quot;caption&quot;:&quot;&quot;,&quot;created_timestamp&quot;:&quot;0&quot;,&quot;copyright&quot;:&quot;&quot;,&quot;focal_length&quot;:&quot;0&quot;,&quot;iso&quot;:&quot;0&quot;,&quot;shutter_speed&quot;:&quot;0&quot;,&quot;title&quot;:&quot;&quot;,&quot;orientation&quot;:&quot;1&quot;}\" data-image-title=\"AsTall3\" data-image-description=\"\" data-medium-file=\"https:\/\/www.9septembar.com\/wp-content\/uploads\/2023\/04\/AsTall3-300x171.jpg\" data-large-file=\"https:\/\/www.9septembar.com\/wp-content\/uploads\/2023\/04\/AsTall3.jpg\" src=\"https:\/\/www.9septembar.com\/wp-content\/uploads\/2023\/04\/AsTall3.jpg\" srcset=\"data:image\/svg+xml;utf8,&lt;svg%20xmlns=&quot;http:\/\/www.w3.org\/2000\/svg&quot;%20viewBox=&quot;0%200%201000%20570&quot;%20height=&quot;570px&quot;%20width=&quot;1000px&quot;\/&gt;\" data-srcset=\"https:\/\/www.9septembar.com\/wp-content\/uploads\/2023\/04\/AsTall3.jpg 1000w, https:\/\/www.9septembar.com\/wp-content\/uploads\/2023\/04\/AsTall3-300x171.jpg 300w, https:\/\/www.9septembar.com\/wp-content\/uploads\/2023\/04\/AsTall3-768x438.jpg 768w, https:\/\/www.9septembar.com\/wp-content\/uploads\/2023\/04\/AsTall3-630x359.jpg 630w, https:\/\/www.9septembar.com\/wp-content\/uploads\/2023\/04\/AsTall3-420x239.jpg 420w, https:\/\/www.9septembar.com\/wp-content\/uploads\/2023\/04\/AsTall3-840x479.jpg 840w, https:\/\/www.9septembar.com\/wp-content\/uploads\/2023\/04\/AsTall3-315x180.jpg 315w\" sizes=\"auto, (max-width: 626px) 100vw, 626px\" width=\"626\" height=\"357\" data-original-width=\"626\" data-original-height=\"357\" itemprop=\"http:\/\/schema.org\/image\" title=\"AsTall3\" alt=\"AsTall3\" style=\"width: 626px; height: 357px;\" \/> <\/div> <\/div> <!-- close group --> <\/div> <!-- close row --> <div class=\"gallery-row\" style=\"width: 1260px; height: 361px;\" data-original-width=\"1260\" data-original-height=\"361\" > <div class=\"gallery-group images-1\" style=\"width: 630px; height: 361px;\" data-original-width=\"630\" data-original-height=\"361\" > <div class=\"tiled-gallery-item tiled-gallery-item-large\" itemprop=\"associatedMedia\" itemscope itemtype=\"http:\/\/schema.org\/ImageObject\"> <meta itemprop=\"width\" content=\"626\"> <meta itemprop=\"height\" content=\"357\"> <img loading=\"lazy\" decoding=\"async\" data-attachment-id=\"18701\" data-orig-file=\"https:\/\/www.9septembar.com\/wp-content\/uploads\/2023\/04\/AsTall4.jpg\" data-orig-size=\"1000,570\" data-comments-opened=\"1\" data-image-meta=\"{&quot;aperture&quot;:&quot;0&quot;,&quot;credit&quot;:&quot;&quot;,&quot;camera&quot;:&quot;&quot;,&quot;caption&quot;:&quot;&quot;,&quot;created_timestamp&quot;:&quot;0&quot;,&quot;copyright&quot;:&quot;&quot;,&quot;focal_length&quot;:&quot;0&quot;,&quot;iso&quot;:&quot;0&quot;,&quot;shutter_speed&quot;:&quot;0&quot;,&quot;title&quot;:&quot;&quot;,&quot;orientation&quot;:&quot;1&quot;}\" data-image-title=\"AsTall4\" data-image-description=\"\" data-medium-file=\"https:\/\/www.9septembar.com\/wp-content\/uploads\/2023\/04\/AsTall4-300x171.jpg\" data-large-file=\"https:\/\/www.9septembar.com\/wp-content\/uploads\/2023\/04\/AsTall4.jpg\" src=\"https:\/\/www.9septembar.com\/wp-content\/uploads\/2023\/04\/AsTall4.jpg\" srcset=\"data:image\/svg+xml;utf8,&lt;svg%20xmlns=&quot;http:\/\/www.w3.org\/2000\/svg&quot;%20viewBox=&quot;0%200%201000%20570&quot;%20height=&quot;570px&quot;%20width=&quot;1000px&quot;\/&gt;\" data-srcset=\"https:\/\/www.9septembar.com\/wp-content\/uploads\/2023\/04\/AsTall4.jpg 1000w, https:\/\/www.9septembar.com\/wp-content\/uploads\/2023\/04\/AsTall4-300x171.jpg 300w, https:\/\/www.9septembar.com\/wp-content\/uploads\/2023\/04\/AsTall4-768x438.jpg 768w, https:\/\/www.9septembar.com\/wp-content\/uploads\/2023\/04\/AsTall4-630x359.jpg 630w, https:\/\/www.9septembar.com\/wp-content\/uploads\/2023\/04\/AsTall4-420x239.jpg 420w, https:\/\/www.9septembar.com\/wp-content\/uploads\/2023\/04\/AsTall4-840x479.jpg 840w, https:\/\/www.9septembar.com\/wp-content\/uploads\/2023\/04\/AsTall4-315x180.jpg 315w\" sizes=\"auto, (max-width: 626px) 100vw, 626px\" width=\"626\" height=\"357\" data-original-width=\"626\" data-original-height=\"357\" itemprop=\"http:\/\/schema.org\/image\" title=\"AsTall4\" alt=\"AsTall4\" style=\"width: 626px; height: 357px;\" \/> <\/div> <\/div> <!-- close group --> <div class=\"gallery-group images-1\" style=\"width: 630px; height: 361px;\" data-original-width=\"630\" data-original-height=\"361\" > <div class=\"tiled-gallery-item tiled-gallery-item-large\" itemprop=\"associatedMedia\" itemscope itemtype=\"http:\/\/schema.org\/ImageObject\"> <meta itemprop=\"width\" content=\"626\"> <meta itemprop=\"height\" content=\"357\"> <img loading=\"lazy\" decoding=\"async\" data-attachment-id=\"18702\" data-orig-file=\"https:\/\/www.9septembar.com\/wp-content\/uploads\/2023\/04\/AsTall5.jpg\" data-orig-size=\"1000,570\" data-comments-opened=\"1\" data-image-meta=\"{&quot;aperture&quot;:&quot;0&quot;,&quot;credit&quot;:&quot;&quot;,&quot;camera&quot;:&quot;&quot;,&quot;caption&quot;:&quot;&quot;,&quot;created_timestamp&quot;:&quot;0&quot;,&quot;copyright&quot;:&quot;&quot;,&quot;focal_length&quot;:&quot;0&quot;,&quot;iso&quot;:&quot;0&quot;,&quot;shutter_speed&quot;:&quot;0&quot;,&quot;title&quot;:&quot;&quot;,&quot;orientation&quot;:&quot;1&quot;}\" data-image-title=\"AsTall5\" data-image-description=\"\" data-medium-file=\"https:\/\/www.9septembar.com\/wp-content\/uploads\/2023\/04\/AsTall5-300x171.jpg\" data-large-file=\"https:\/\/www.9septembar.com\/wp-content\/uploads\/2023\/04\/AsTall5.jpg\" src=\"https:\/\/www.9septembar.com\/wp-content\/uploads\/2023\/04\/AsTall5.jpg\" srcset=\"data:image\/svg+xml;utf8,&lt;svg%20xmlns=&quot;http:\/\/www.w3.org\/2000\/svg&quot;%20viewBox=&quot;0%200%201000%20570&quot;%20height=&quot;570px&quot;%20width=&quot;1000px&quot;\/&gt;\" data-srcset=\"https:\/\/www.9septembar.com\/wp-content\/uploads\/2023\/04\/AsTall5.jpg 1000w, https:\/\/www.9septembar.com\/wp-content\/uploads\/2023\/04\/AsTall5-300x171.jpg 300w, https:\/\/www.9septembar.com\/wp-content\/uploads\/2023\/04\/AsTall5-768x438.jpg 768w, https:\/\/www.9septembar.com\/wp-content\/uploads\/2023\/04\/AsTall5-630x359.jpg 630w, https:\/\/www.9septembar.com\/wp-content\/uploads\/2023\/04\/AsTall5-420x239.jpg 420w, https:\/\/www.9septembar.com\/wp-content\/uploads\/2023\/04\/AsTall5-840x479.jpg 840w, https:\/\/www.9septembar.com\/wp-content\/uploads\/2023\/04\/AsTall5-315x180.jpg 315w\" sizes=\"auto, (max-width: 626px) 100vw, 626px\" width=\"626\" height=\"357\" data-original-width=\"626\" data-original-height=\"357\" itemprop=\"http:\/\/schema.org\/image\" title=\"AsTall5\" alt=\"AsTall5\" style=\"width: 626px; height: 357px;\" \/> <\/div> <\/div> <!-- close group --> <\/div> <!-- close row --> <\/div>\r\n<p><\/p>\r\n<\/div><!-- .vgblk-rw-wrapper -->","protected":false},"excerpt":{"rendered":"","protected":false},"author":1,"featured_media":0,"parent":0,"menu_order":0,"comment_status":"closed","ping_status":"closed","template":"","meta":{"inline_featured_image":false,"footnotes":""},"class_list":["post-19179","page","type-page","status-publish","hentry"],"yoast_head":"<!-- This site is optimized with the Yoast SEO plugin v18.5.1 - https:\/\/yoast.com\/wordpress\/plugins\/seo\/ -->\n<title>AsTall PT - 9.septembar<\/title>\n<meta name=\"robots\" content=\"index, follow, max-snippet:-1, max-image-preview:large, max-video-preview:-1\" \/>\n<link rel=\"canonical\" href=\"https:\/\/www.9septembar.com\/?page_id=19179&#038;lang=pt\" \/>\n<meta property=\"og:locale\" content=\"en_US\" \/>\n<meta property=\"og:type\" content=\"article\" \/>\n<meta property=\"og:title\" content=\"AsTall PT - 9.septembar\" \/>\n<meta property=\"og:url\" content=\"https:\/\/www.9septembar.com\/?page_id=19179&amp;lang=pt\" \/>\n<meta property=\"og:site_name\" content=\"9.septembar\" \/>\n<meta property=\"article:modified_time\" content=\"2024-02-29T10:43:10+00:00\" \/>\n<meta property=\"og:image\" content=\"https:\/\/www.9septembar.com\/wp-content\/uploads\/2023\/04\/AsTall2.jpg\" \/>\n<meta name=\"twitter:card\" content=\"summary_large_image\" \/>\n<meta name=\"twitter:label1\" content=\"Est. reading time\" \/>\n\t<meta name=\"twitter:data1\" content=\"1 minute\" \/>\n<script type=\"application\/ld+json\" class=\"yoast-schema-graph\">{\"@context\":\"https:\/\/schema.org\",\"@graph\":[{\"@type\":\"WebSite\",\"@id\":\"https:\/\/www.9septembar.com\/#website\",\"url\":\"https:\/\/www.9septembar.com\/\",\"name\":\"9.septembar\",\"description\":\"\",\"potentialAction\":[{\"@type\":\"SearchAction\",\"target\":{\"@type\":\"EntryPoint\",\"urlTemplate\":\"https:\/\/www.9septembar.com\/?s={search_term_string}\"},\"query-input\":\"required name=search_term_string\"}],\"inLanguage\":\"en-US\"},{\"@type\":\"ImageObject\",\"@id\":\"https:\/\/www.9septembar.com\/?page_id=19179&lang=pt#primaryimage\",\"inLanguage\":\"en-US\",\"url\":\"https:\/\/www.9septembar.com\/wp-content\/uploads\/2023\/04\/AsTall.jpg\",\"contentUrl\":\"https:\/\/www.9septembar.com\/wp-content\/uploads\/2023\/04\/AsTall.jpg\",\"width\":1200,\"height\":684},{\"@type\":\"WebPage\",\"@id\":\"https:\/\/www.9septembar.com\/?page_id=19179&lang=pt#webpage\",\"url\":\"https:\/\/www.9septembar.com\/?page_id=19179&lang=pt\",\"name\":\"AsTall PT - 9.septembar\",\"isPartOf\":{\"@id\":\"https:\/\/www.9septembar.com\/#website\"},\"primaryImageOfPage\":{\"@id\":\"https:\/\/www.9septembar.com\/?page_id=19179&lang=pt#primaryimage\"},\"datePublished\":\"2024-02-21T15:11:37+00:00\",\"dateModified\":\"2024-02-29T10:43:10+00:00\",\"breadcrumb\":{\"@id\":\"https:\/\/www.9septembar.com\/?page_id=19179&lang=pt#breadcrumb\"},\"inLanguage\":\"en-US\",\"potentialAction\":[{\"@type\":\"ReadAction\",\"target\":[\"https:\/\/www.9septembar.com\/?page_id=19179&lang=pt\"]}]},{\"@type\":\"BreadcrumbList\",\"@id\":\"https:\/\/www.9septembar.com\/?page_id=19179&lang=pt#breadcrumb\",\"itemListElement\":[{\"@type\":\"ListItem\",\"position\":1,\"name\":\"Home\",\"item\":\"https:\/\/www.9septembar.com\/?page_id=19116&lang=pt\"},{\"@type\":\"ListItem\",\"position\":2,\"name\":\"AsTall PT\"}]}]}<\/script>\n<!-- \/ Yoast SEO plugin. -->","yoast_head_json":{"title":"AsTall PT - 9.septembar","robots":{"index":"index","follow":"follow","max-snippet":"max-snippet:-1","max-image-preview":"max-image-preview:large","max-video-preview":"max-video-preview:-1"},"canonical":"https:\/\/www.9septembar.com\/?page_id=19179&lang=pt","og_locale":"en_US","og_type":"article","og_title":"AsTall PT - 9.septembar","og_url":"https:\/\/www.9septembar.com\/?page_id=19179&lang=pt","og_site_name":"9.septembar","article_modified_time":"2024-02-29T10:43:10+00:00","og_image":[{"url":"https:\/\/www.9septembar.com\/wp-content\/uploads\/2023\/04\/AsTall2.jpg"}],"twitter_card":"summary_large_image","twitter_misc":{"Est. reading time":"1 minute"},"schema":{"@context":"https:\/\/schema.org","@graph":[{"@type":"WebSite","@id":"https:\/\/www.9septembar.com\/#website","url":"https:\/\/www.9septembar.com\/","name":"9.septembar","description":"","potentialAction":[{"@type":"SearchAction","target":{"@type":"EntryPoint","urlTemplate":"https:\/\/www.9septembar.com\/?s={search_term_string}"},"query-input":"required name=search_term_string"}],"inLanguage":"en-US"},{"@type":"ImageObject","@id":"https:\/\/www.9septembar.com\/?page_id=19179&lang=pt#primaryimage","inLanguage":"en-US","url":"https:\/\/www.9septembar.com\/wp-content\/uploads\/2023\/04\/AsTall.jpg","contentUrl":"https:\/\/www.9septembar.com\/wp-content\/uploads\/2023\/04\/AsTall.jpg","width":1200,"height":684},{"@type":"WebPage","@id":"https:\/\/www.9septembar.com\/?page_id=19179&lang=pt#webpage","url":"https:\/\/www.9septembar.com\/?page_id=19179&lang=pt","name":"AsTall PT - 9.septembar","isPartOf":{"@id":"https:\/\/www.9septembar.com\/#website"},"primaryImageOfPage":{"@id":"https:\/\/www.9septembar.com\/?page_id=19179&lang=pt#primaryimage"},"datePublished":"2024-02-21T15:11:37+00:00","dateModified":"2024-02-29T10:43:10+00:00","breadcrumb":{"@id":"https:\/\/www.9septembar.com\/?page_id=19179&lang=pt#breadcrumb"},"inLanguage":"en-US","potentialAction":[{"@type":"ReadAction","target":["https:\/\/www.9septembar.com\/?page_id=19179&lang=pt"]}]},{"@type":"BreadcrumbList","@id":"https:\/\/www.9septembar.com\/?page_id=19179&lang=pt#breadcrumb","itemListElement":[{"@type":"ListItem","position":1,"name":"Home","item":"https:\/\/www.9septembar.com\/?page_id=19116&lang=pt"},{"@type":"ListItem","position":2,"name":"AsTall PT"}]}]}},"jetpack_sharing_enabled":true,"_links":{"self":[{"href":"https:\/\/www.9septembar.com\/index.php?rest_route=\/wp\/v2\/pages\/19179","targetHints":{"allow":["GET"]}}],"collection":[{"href":"https:\/\/www.9septembar.com\/index.php?rest_route=\/wp\/v2\/pages"}],"about":[{"href":"https:\/\/www.9septembar.com\/index.php?rest_route=\/wp\/v2\/types\/page"}],"author":[{"embeddable":true,"href":"https:\/\/www.9septembar.com\/index.php?rest_route=\/wp\/v2\/users\/1"}],"replies":[{"embeddable":true,"href":"https:\/\/www.9septembar.com\/index.php?rest_route=%2Fwp%2Fv2%2Fcomments&post=19179"}],"version-history":[{"count":3,"href":"https:\/\/www.9septembar.com\/index.php?rest_route=\/wp\/v2\/pages\/19179\/revisions"}],"predecessor-version":[{"id":19261,"href":"https:\/\/www.9septembar.com\/index.php?rest_route=\/wp\/v2\/pages\/19179\/revisions\/19261"}],"wp:attachment":[{"href":"https:\/\/www.9septembar.com\/index.php?rest_route=%2Fwp%2Fv2%2Fmedia&parent=19179"}],"curies":[{"name":"wp","href":"https:\/\/api.w.org\/{rel}","templated":true}]}}