{"id":19190,"date":"2024-02-21T15:22:34","date_gmt":"2024-02-21T15:22:34","guid":{"rendered":"https:\/\/www.9septembar.com\/?page_id=19190"},"modified":"2024-02-28T12:51:17","modified_gmt":"2024-02-28T12:51:17","slug":"rewinder-slitter-copy-2","status":"publish","type":"page","link":"https:\/\/www.9septembar.com\/?page_id=19190&lang=pt","title":{"rendered":"ReWinder &#038; Slitter PT"},"content":{"rendered":"<div class=\"vgblk-rw-wrapper limit-wrapper\">\r\n<h2>Informa\u00e7\u00f5es<br \/><strong>t\u00e9cnicas<\/strong><\/h2>\r\n<ul>\r\n<li>Convers\u00e3o de rolos jumbo, de at\u00e9 2.800 mm de largura, em produtos gerenci\u00e1veis e vend\u00e1veis<\/li>\r\n<li>Os produtos finais s\u00e3o rolos de excelente qualidade, prontos para convers\u00e3o ou envio<\/li>\r\n<li>Vantagem da redu\u00e7\u00e3o de custos mesmo antes do in\u00edcio do processo de convers\u00e3o<\/li>\r\n<\/ul>\r\n<p><strong>N\u00famero de desenroladores: <\/strong>1, 2 ou 3<\/p>\r\n<p><strong>Largura do rolo principal: <\/strong>at\u00e9 2.800 mm<\/p>\r\n<p><strong>Di\u00e2metro do rolo principal: <\/strong>at\u00e9 2500 mm<\/p>\r\n<p><strong>Di\u00e2metro de rebobinamento (sa\u00edda): <\/strong>at\u00e9 1600 mm<\/p>\r\n<p><strong>Largura de corte: <\/strong>m\u00ednimo 60 mm<\/p>\r\n<p><strong>Controle autom\u00e1tico de tens\u00e3o<\/strong><\/p>\r\n<p><strong>Porta-facas pneum\u00e1ticos para f\u00e1cil ajuste de corte<\/strong><\/p>\r\n<p><strong>Sistema hidr\u00e1ulico de manuseio de rolos<\/strong><\/p>\r\n<p><strong>Corte: <\/strong>cisalhamento<\/p>\r\n<p><strong>Pot\u00eancia instalada: <\/strong>100kW<\/p>\r\n<p><strong>Press\u00e3o\/consumo de ar comprimido: <\/strong>1000 l\/min (6bar)<\/p>\r\n<p><iframe loading=\"lazy\" title=\"Reslit\" src=\"https:\/\/www.youtube.com\/embed\/3xLwWTa_ZIE?feature=oembed\" width=\"1260\" height=\"709\" frameborder=\"0\" allowfullscreen=\"allowfullscreen\"><\/iframe><\/p>\r\n<p><\/p>\r\n<div class=\"tiled-gallery type-rectangular tiled-gallery-unresized\" data-original-width=\"1260\" data-carousel-extra='{&quot;blog_id&quot;:1,&quot;permalink&quot;:&quot;https:\\\/\\\/www.9septembar.com\\\/?page_id=19190\\u0026lang=pt&quot;,&quot;likes_blog_id&quot;:false}' itemscope itemtype=\"http:\/\/schema.org\/ImageGallery\" > <div class=\"gallery-row\" style=\"width: 1260px; height: 562px;\" data-original-width=\"1260\" data-original-height=\"562\" > <div class=\"gallery-group images-1\" style=\"width: 841px; height: 562px;\" data-original-width=\"841\" data-original-height=\"562\" > <div class=\"tiled-gallery-item tiled-gallery-item-large\" itemprop=\"associatedMedia\" itemscope itemtype=\"http:\/\/schema.org\/ImageObject\"> <meta itemprop=\"width\" content=\"837\"> <meta itemprop=\"height\" content=\"558\"> <img loading=\"lazy\" decoding=\"async\" data-attachment-id=\"17852\" data-orig-file=\"https:\/\/www.9septembar.com\/wp-content\/uploads\/2021\/12\/ReSlit-00.jpg\" data-orig-size=\"1000,667\" data-comments-opened=\"\" data-image-meta=\"{&quot;aperture&quot;:&quot;0&quot;,&quot;credit&quot;:&quot;&quot;,&quot;camera&quot;:&quot;&quot;,&quot;caption&quot;:&quot;&quot;,&quot;created_timestamp&quot;:&quot;0&quot;,&quot;copyright&quot;:&quot;&quot;,&quot;focal_length&quot;:&quot;0&quot;,&quot;iso&quot;:&quot;0&quot;,&quot;shutter_speed&quot;:&quot;0&quot;,&quot;title&quot;:&quot;&quot;,&quot;orientation&quot;:&quot;0&quot;}\" data-image-title=\"ReSlit-00\" data-image-description=\"\" data-medium-file=\"https:\/\/www.9septembar.com\/wp-content\/uploads\/2021\/12\/ReSlit-00-300x200.jpg\" data-large-file=\"https:\/\/www.9septembar.com\/wp-content\/uploads\/2021\/12\/ReSlit-00.jpg\" src=\"https:\/\/www.9septembar.com\/wp-content\/uploads\/2021\/12\/ReSlit-00.jpg\" srcset=\"data:image\/svg+xml;utf8,&lt;svg%20xmlns=&quot;http:\/\/www.w3.org\/2000\/svg&quot;%20viewBox=&quot;0%200%201000%20667&quot;%20height=&quot;667px&quot;%20width=&quot;1000px&quot;\/&gt;\" data-srcset=\"https:\/\/www.9septembar.com\/wp-content\/uploads\/2021\/12\/ReSlit-00.jpg 1000w, https:\/\/www.9septembar.com\/wp-content\/uploads\/2021\/12\/ReSlit-00-300x200.jpg 300w, https:\/\/www.9septembar.com\/wp-content\/uploads\/2021\/12\/ReSlit-00-768x512.jpg 768w, https:\/\/www.9septembar.com\/wp-content\/uploads\/2021\/12\/ReSlit-00-630x420.jpg 630w, https:\/\/www.9septembar.com\/wp-content\/uploads\/2021\/12\/ReSlit-00-420x280.jpg 420w, https:\/\/www.9septembar.com\/wp-content\/uploads\/2021\/12\/ReSlit-00-840x560.jpg 840w, https:\/\/www.9septembar.com\/wp-content\/uploads\/2021\/12\/ReSlit-00-315x210.jpg 315w\" sizes=\"auto, (max-width: 837px) 100vw, 837px\" width=\"837\" height=\"558\" data-original-width=\"837\" data-original-height=\"558\" itemprop=\"http:\/\/schema.org\/image\" title=\"ReSlit-00\" alt=\"ReSlit-00\" style=\"width: 837px; height: 558px;\" \/> <\/div> <\/div> <!-- close group --> <div class=\"gallery-group images-2\" style=\"width: 419px; height: 562px;\" data-original-width=\"419\" data-original-height=\"562\" > <div class=\"tiled-gallery-item tiled-gallery-item-large\" itemprop=\"associatedMedia\" itemscope itemtype=\"http:\/\/schema.org\/ImageObject\"> <meta itemprop=\"width\" content=\"415\"> <meta itemprop=\"height\" content=\"277\"> <img loading=\"lazy\" decoding=\"async\" data-attachment-id=\"17853\" data-orig-file=\"https:\/\/www.9septembar.com\/wp-content\/uploads\/2021\/12\/ReSlit-01.jpg\" data-orig-size=\"1000,667\" data-comments-opened=\"\" data-image-meta=\"{&quot;aperture&quot;:&quot;0&quot;,&quot;credit&quot;:&quot;&quot;,&quot;camera&quot;:&quot;&quot;,&quot;caption&quot;:&quot;&quot;,&quot;created_timestamp&quot;:&quot;0&quot;,&quot;copyright&quot;:&quot;&quot;,&quot;focal_length&quot;:&quot;0&quot;,&quot;iso&quot;:&quot;0&quot;,&quot;shutter_speed&quot;:&quot;0&quot;,&quot;title&quot;:&quot;&quot;,&quot;orientation&quot;:&quot;0&quot;}\" data-image-title=\"ReSlit-01\" data-image-description=\"\" data-medium-file=\"https:\/\/www.9septembar.com\/wp-content\/uploads\/2021\/12\/ReSlit-01-300x200.jpg\" data-large-file=\"https:\/\/www.9septembar.com\/wp-content\/uploads\/2021\/12\/ReSlit-01.jpg\" src=\"https:\/\/www.9septembar.com\/wp-content\/uploads\/2021\/12\/ReSlit-01.jpg\" srcset=\"data:image\/svg+xml;utf8,&lt;svg%20xmlns=&quot;http:\/\/www.w3.org\/2000\/svg&quot;%20viewBox=&quot;0%200%201000%20667&quot;%20height=&quot;667px&quot;%20width=&quot;1000px&quot;\/&gt;\" data-srcset=\"https:\/\/www.9septembar.com\/wp-content\/uploads\/2021\/12\/ReSlit-01.jpg 1000w, https:\/\/www.9septembar.com\/wp-content\/uploads\/2021\/12\/ReSlit-01-300x200.jpg 300w, https:\/\/www.9septembar.com\/wp-content\/uploads\/2021\/12\/ReSlit-01-768x512.jpg 768w, https:\/\/www.9septembar.com\/wp-content\/uploads\/2021\/12\/ReSlit-01-630x420.jpg 630w, https:\/\/www.9septembar.com\/wp-content\/uploads\/2021\/12\/ReSlit-01-420x280.jpg 420w, https:\/\/www.9septembar.com\/wp-content\/uploads\/2021\/12\/ReSlit-01-840x560.jpg 840w, https:\/\/www.9septembar.com\/wp-content\/uploads\/2021\/12\/ReSlit-01-315x210.jpg 315w\" sizes=\"auto, (max-width: 415px) 100vw, 415px\" width=\"415\" height=\"277\" data-original-width=\"415\" data-original-height=\"277\" itemprop=\"http:\/\/schema.org\/image\" title=\"ReSlit-01\" alt=\"ReSlit-01\" style=\"width: 415px; height: 277px;\" \/> <\/div> <div class=\"tiled-gallery-item tiled-gallery-item-large\" itemprop=\"associatedMedia\" itemscope itemtype=\"http:\/\/schema.org\/ImageObject\"> <meta itemprop=\"width\" content=\"415\"> <meta itemprop=\"height\" content=\"277\"> <img loading=\"lazy\" decoding=\"async\" data-attachment-id=\"17854\" data-orig-file=\"https:\/\/www.9septembar.com\/wp-content\/uploads\/2021\/12\/ReSlit-02.jpg\" data-orig-size=\"1000,667\" data-comments-opened=\"\" data-image-meta=\"{&quot;aperture&quot;:&quot;0&quot;,&quot;credit&quot;:&quot;&quot;,&quot;camera&quot;:&quot;&quot;,&quot;caption&quot;:&quot;&quot;,&quot;created_timestamp&quot;:&quot;0&quot;,&quot;copyright&quot;:&quot;&quot;,&quot;focal_length&quot;:&quot;0&quot;,&quot;iso&quot;:&quot;0&quot;,&quot;shutter_speed&quot;:&quot;0&quot;,&quot;title&quot;:&quot;&quot;,&quot;orientation&quot;:&quot;0&quot;}\" data-image-title=\"ReSlit-02\" data-image-description=\"\" data-medium-file=\"https:\/\/www.9septembar.com\/wp-content\/uploads\/2021\/12\/ReSlit-02-300x200.jpg\" data-large-file=\"https:\/\/www.9septembar.com\/wp-content\/uploads\/2021\/12\/ReSlit-02.jpg\" src=\"https:\/\/www.9septembar.com\/wp-content\/uploads\/2021\/12\/ReSlit-02.jpg\" srcset=\"data:image\/svg+xml;utf8,&lt;svg%20xmlns=&quot;http:\/\/www.w3.org\/2000\/svg&quot;%20viewBox=&quot;0%200%201000%20667&quot;%20height=&quot;667px&quot;%20width=&quot;1000px&quot;\/&gt;\" data-srcset=\"https:\/\/www.9septembar.com\/wp-content\/uploads\/2021\/12\/ReSlit-02.jpg 1000w, https:\/\/www.9septembar.com\/wp-content\/uploads\/2021\/12\/ReSlit-02-300x200.jpg 300w, https:\/\/www.9septembar.com\/wp-content\/uploads\/2021\/12\/ReSlit-02-768x512.jpg 768w, https:\/\/www.9septembar.com\/wp-content\/uploads\/2021\/12\/ReSlit-02-630x420.jpg 630w, https:\/\/www.9septembar.com\/wp-content\/uploads\/2021\/12\/ReSlit-02-420x280.jpg 420w, https:\/\/www.9septembar.com\/wp-content\/uploads\/2021\/12\/ReSlit-02-840x560.jpg 840w, https:\/\/www.9septembar.com\/wp-content\/uploads\/2021\/12\/ReSlit-02-315x210.jpg 315w\" sizes=\"auto, (max-width: 415px) 100vw, 415px\" width=\"415\" height=\"277\" data-original-width=\"415\" data-original-height=\"277\" itemprop=\"http:\/\/schema.org\/image\" title=\"ReSlit-02\" alt=\"ReSlit-02\" style=\"width: 415px; height: 277px;\" \/> <\/div> <\/div> <!-- close group --> <\/div> <!-- close row --> <div class=\"gallery-row\" style=\"width: 1260px; height: 842px;\" data-original-width=\"1260\" data-original-height=\"842\" > <div class=\"gallery-group images-1\" style=\"width: 1260px; height: 842px;\" data-original-width=\"1260\" data-original-height=\"842\" > <div class=\"tiled-gallery-item tiled-gallery-item-large\" itemprop=\"associatedMedia\" itemscope itemtype=\"http:\/\/schema.org\/ImageObject\"> <meta itemprop=\"width\" content=\"1256\"> <meta itemprop=\"height\" content=\"838\"> <img loading=\"lazy\" decoding=\"async\" data-attachment-id=\"17855\" data-orig-file=\"https:\/\/www.9septembar.com\/wp-content\/uploads\/2021\/12\/ReSlit-03.jpg\" data-orig-size=\"1000,667\" data-comments-opened=\"\" data-image-meta=\"{&quot;aperture&quot;:&quot;0&quot;,&quot;credit&quot;:&quot;&quot;,&quot;camera&quot;:&quot;&quot;,&quot;caption&quot;:&quot;&quot;,&quot;created_timestamp&quot;:&quot;0&quot;,&quot;copyright&quot;:&quot;&quot;,&quot;focal_length&quot;:&quot;0&quot;,&quot;iso&quot;:&quot;0&quot;,&quot;shutter_speed&quot;:&quot;0&quot;,&quot;title&quot;:&quot;&quot;,&quot;orientation&quot;:&quot;0&quot;}\" data-image-title=\"ReSlit-03\" data-image-description=\"\" data-medium-file=\"https:\/\/www.9septembar.com\/wp-content\/uploads\/2021\/12\/ReSlit-03-300x200.jpg\" data-large-file=\"https:\/\/www.9septembar.com\/wp-content\/uploads\/2021\/12\/ReSlit-03.jpg\" src=\"https:\/\/www.9septembar.com\/wp-content\/uploads\/2021\/12\/ReSlit-03.jpg\" srcset=\"data:image\/svg+xml;utf8,&lt;svg%20xmlns=&quot;http:\/\/www.w3.org\/2000\/svg&quot;%20viewBox=&quot;0%200%201000%20667&quot;%20height=&quot;667px&quot;%20width=&quot;1000px&quot;\/&gt;\" data-srcset=\"https:\/\/www.9septembar.com\/wp-content\/uploads\/2021\/12\/ReSlit-03.jpg 1000w, https:\/\/www.9septembar.com\/wp-content\/uploads\/2021\/12\/ReSlit-03-300x200.jpg 300w, https:\/\/www.9septembar.com\/wp-content\/uploads\/2021\/12\/ReSlit-03-768x512.jpg 768w, https:\/\/www.9septembar.com\/wp-content\/uploads\/2021\/12\/ReSlit-03-630x420.jpg 630w, https:\/\/www.9septembar.com\/wp-content\/uploads\/2021\/12\/ReSlit-03-420x280.jpg 420w, https:\/\/www.9septembar.com\/wp-content\/uploads\/2021\/12\/ReSlit-03-840x560.jpg 840w, https:\/\/www.9septembar.com\/wp-content\/uploads\/2021\/12\/ReSlit-03-315x210.jpg 315w\" sizes=\"auto, (max-width: 1256px) 100vw, 1256px\" width=\"1256\" height=\"838\" data-original-width=\"1256\" data-original-height=\"838\" itemprop=\"http:\/\/schema.org\/image\" title=\"ReSlit-03\" alt=\"ReSlit-03\" style=\"width: 1256px; height: 838px;\" \/> <\/div> <\/div> <!-- close group --> <\/div> <!-- close row --> <\/div>\r\n<p><\/p>\r\n<\/div><!-- .vgblk-rw-wrapper -->","protected":false},"excerpt":{"rendered":"","protected":false},"author":1,"featured_media":0,"parent":0,"menu_order":0,"comment_status":"closed","ping_status":"closed","template":"","meta":{"inline_featured_image":false,"footnotes":""},"class_list":["post-19190","page","type-page","status-publish","hentry"],"yoast_head":"<!-- This site is optimized with the Yoast SEO plugin v18.5.1 - https:\/\/yoast.com\/wordpress\/plugins\/seo\/ -->\n<title>ReWinder &amp; Slitter PT - 9.septembar<\/title>\n<meta name=\"robots\" content=\"index, follow, max-snippet:-1, max-image-preview:large, max-video-preview:-1\" \/>\n<link rel=\"canonical\" href=\"https:\/\/www.9septembar.com\/?page_id=19190&#038;lang=pt\" \/>\n<meta property=\"og:locale\" content=\"en_US\" \/>\n<meta property=\"og:type\" content=\"article\" \/>\n<meta property=\"og:title\" content=\"ReWinder &amp; Slitter PT - 9.septembar\" \/>\n<meta property=\"og:url\" content=\"https:\/\/www.9septembar.com\/?page_id=19190&amp;lang=pt\" \/>\n<meta property=\"og:site_name\" content=\"9.septembar\" \/>\n<meta property=\"article:modified_time\" content=\"2024-02-28T12:51:17+00:00\" \/>\n<meta property=\"og:image\" content=\"https:\/\/www.9septembar.com\/wp-content\/uploads\/2021\/12\/ReSlit-00.jpg\" \/>\n<meta name=\"twitter:card\" content=\"summary_large_image\" \/>\n<meta name=\"twitter:label1\" content=\"Est. reading time\" \/>\n\t<meta name=\"twitter:data1\" content=\"1 minute\" \/>\n<script type=\"application\/ld+json\" class=\"yoast-schema-graph\">{\"@context\":\"https:\/\/schema.org\",\"@graph\":[{\"@type\":\"WebSite\",\"@id\":\"https:\/\/www.9septembar.com\/#website\",\"url\":\"https:\/\/www.9septembar.com\/\",\"name\":\"9.septembar\",\"description\":\"\",\"potentialAction\":[{\"@type\":\"SearchAction\",\"target\":{\"@type\":\"EntryPoint\",\"urlTemplate\":\"https:\/\/www.9septembar.com\/?s={search_term_string}\"},\"query-input\":\"required name=search_term_string\"}],\"inLanguage\":\"en-US\"},{\"@type\":\"WebPage\",\"@id\":\"https:\/\/www.9septembar.com\/?page_id=19190&lang=pt#webpage\",\"url\":\"https:\/\/www.9septembar.com\/?page_id=19190&lang=pt\",\"name\":\"ReWinder & Slitter PT - 9.septembar\",\"isPartOf\":{\"@id\":\"https:\/\/www.9septembar.com\/#website\"},\"datePublished\":\"2024-02-21T15:22:34+00:00\",\"dateModified\":\"2024-02-28T12:51:17+00:00\",\"breadcrumb\":{\"@id\":\"https:\/\/www.9septembar.com\/?page_id=19190&lang=pt#breadcrumb\"},\"inLanguage\":\"en-US\",\"potentialAction\":[{\"@type\":\"ReadAction\",\"target\":[\"https:\/\/www.9septembar.com\/?page_id=19190&lang=pt\"]}]},{\"@type\":\"BreadcrumbList\",\"@id\":\"https:\/\/www.9septembar.com\/?page_id=19190&lang=pt#breadcrumb\",\"itemListElement\":[{\"@type\":\"ListItem\",\"position\":1,\"name\":\"Home\",\"item\":\"https:\/\/www.9septembar.com\/?page_id=19116&lang=pt\"},{\"@type\":\"ListItem\",\"position\":2,\"name\":\"ReWinder &#038; Slitter PT\"}]}]}<\/script>\n<!-- \/ Yoast SEO plugin. -->","yoast_head_json":{"title":"ReWinder & Slitter PT - 9.septembar","robots":{"index":"index","follow":"follow","max-snippet":"max-snippet:-1","max-image-preview":"max-image-preview:large","max-video-preview":"max-video-preview:-1"},"canonical":"https:\/\/www.9septembar.com\/?page_id=19190&lang=pt","og_locale":"en_US","og_type":"article","og_title":"ReWinder & Slitter PT - 9.septembar","og_url":"https:\/\/www.9septembar.com\/?page_id=19190&lang=pt","og_site_name":"9.septembar","article_modified_time":"2024-02-28T12:51:17+00:00","og_image":[{"url":"https:\/\/www.9septembar.com\/wp-content\/uploads\/2021\/12\/ReSlit-00.jpg"}],"twitter_card":"summary_large_image","twitter_misc":{"Est. reading time":"1 minute"},"schema":{"@context":"https:\/\/schema.org","@graph":[{"@type":"WebSite","@id":"https:\/\/www.9septembar.com\/#website","url":"https:\/\/www.9septembar.com\/","name":"9.septembar","description":"","potentialAction":[{"@type":"SearchAction","target":{"@type":"EntryPoint","urlTemplate":"https:\/\/www.9septembar.com\/?s={search_term_string}"},"query-input":"required name=search_term_string"}],"inLanguage":"en-US"},{"@type":"WebPage","@id":"https:\/\/www.9septembar.com\/?page_id=19190&lang=pt#webpage","url":"https:\/\/www.9septembar.com\/?page_id=19190&lang=pt","name":"ReWinder & Slitter PT - 9.septembar","isPartOf":{"@id":"https:\/\/www.9septembar.com\/#website"},"datePublished":"2024-02-21T15:22:34+00:00","dateModified":"2024-02-28T12:51:17+00:00","breadcrumb":{"@id":"https:\/\/www.9septembar.com\/?page_id=19190&lang=pt#breadcrumb"},"inLanguage":"en-US","potentialAction":[{"@type":"ReadAction","target":["https:\/\/www.9septembar.com\/?page_id=19190&lang=pt"]}]},{"@type":"BreadcrumbList","@id":"https:\/\/www.9septembar.com\/?page_id=19190&lang=pt#breadcrumb","itemListElement":[{"@type":"ListItem","position":1,"name":"Home","item":"https:\/\/www.9septembar.com\/?page_id=19116&lang=pt"},{"@type":"ListItem","position":2,"name":"ReWinder &#038; Slitter PT"}]}]}},"jetpack_sharing_enabled":true,"_links":{"self":[{"href":"https:\/\/www.9septembar.com\/index.php?rest_route=\/wp\/v2\/pages\/19190","targetHints":{"allow":["GET"]}}],"collection":[{"href":"https:\/\/www.9septembar.com\/index.php?rest_route=\/wp\/v2\/pages"}],"about":[{"href":"https:\/\/www.9septembar.com\/index.php?rest_route=\/wp\/v2\/types\/page"}],"author":[{"embeddable":true,"href":"https:\/\/www.9septembar.com\/index.php?rest_route=\/wp\/v2\/users\/1"}],"replies":[{"embeddable":true,"href":"https:\/\/www.9septembar.com\/index.php?rest_route=%2Fwp%2Fv2%2Fcomments&post=19190"}],"version-history":[{"count":4,"href":"https:\/\/www.9septembar.com\/index.php?rest_route=\/wp\/v2\/pages\/19190\/revisions"}],"predecessor-version":[{"id":19253,"href":"https:\/\/www.9septembar.com\/index.php?rest_route=\/wp\/v2\/pages\/19190\/revisions\/19253"}],"wp:attachment":[{"href":"https:\/\/www.9septembar.com\/index.php?rest_route=%2Fwp%2Fv2%2Fmedia&parent=19190"}],"curies":[{"name":"wp","href":"https:\/\/api.w.org\/{rel}","templated":true}]}}