{"id":19196,"date":"2024-02-21T15:27:40","date_gmt":"2024-02-21T15:27:40","guid":{"rendered":"https:\/\/www.9septembar.com\/?page_id=19196"},"modified":"2024-03-01T12:09:34","modified_gmt":"2024-03-01T12:09:34","slug":"animation-builder-copy-copy-2","status":"publish","type":"page","link":"https:\/\/www.9septembar.com\/?page_id=19196&lang=pt","title":{"rendered":"References PT"},"content":{"rendered":"<div class=\"vgblk-rw-wrapper limit-wrapper\">\r\n<h2>\r\n\tEUROPA\r\n\t<\/h2>\r\n\t\t\t\t\t\t\t<img loading=\"lazy\" decoding=\"async\" src=\"https:\/\/www.9septembar.com\/wp-content\/uploads\/2022\/01\/EUROPA.png\" alt=\"EUROPA\" itemprop=\"image\" height=\"800\" width=\"1025\" title=\"EUROPA\" onerror=\"this.style.display='none'\" srcset=\"data:image\/svg+xml;utf8,&lt;svg%20xmlns=&quot;http:\/\/www.w3.org\/2000\/svg&quot;%20viewBox=&quot;0%200%201025%20800&quot;%20height=&quot;800px&quot;%20width=&quot;1025px&quot;\/&gt;\" data-srcset=\"https:\/\/www.9septembar.com\/wp-content\/uploads\/2022\/01\/EUROPA.png 1025w, https:\/\/www.9septembar.com\/wp-content\/uploads\/2022\/01\/EUROPA-300x234.png 300w, https:\/\/www.9septembar.com\/wp-content\/uploads\/2022\/01\/EUROPA-768x599.png 768w, https:\/\/www.9septembar.com\/wp-content\/uploads\/2022\/01\/EUROPA-630x492.png 630w, https:\/\/www.9septembar.com\/wp-content\/uploads\/2022\/01\/EUROPA-420x328.png 420w, https:\/\/www.9septembar.com\/wp-content\/uploads\/2022\/01\/EUROPA-840x656.png 840w, https:\/\/www.9septembar.com\/wp-content\/uploads\/2022\/01\/EUROPA-315x246.png 315w\" sizes=\"auto, (max-width: 1025px) 100vw, 1025px\" \/>\t\t\t\t\t\t\t\r\n\t<ul>\r\n<li><strong>Alemanha<\/strong><\/li>\r\n<li><strong>Bielorr\u00fassia<\/strong><\/li>\r\n<li><strong>B\u00e9lgica<\/strong><\/li>\r\n<li><strong>B\u00f3snia e Herzegovina<\/strong><\/li>\r\n<li><strong>Bulg\u00e1ria<\/strong><\/li>\r\n<li><strong>Eslov\u00e1quia<\/strong><\/li>\r\n<li><strong>Eslov\u00eania<\/strong><\/li>\r\n<li><strong>Espanha<\/strong><\/li>\r\n<li><strong>Fran\u00e7a<\/strong><\/li>\r\n<li><strong>Gr\u00e9cia<\/strong><\/li>\r\n<li><strong>Hungria<\/strong><\/li>\r\n<li><strong>It\u00e1lia<\/strong><\/li>\r\n<li><strong>L\u00edbano<\/strong><\/li>\r\n<li><strong>Pol\u00f4nia<\/strong><\/li>\r\n<li><strong>Rep\u00fablica Checa<\/strong><\/li>\r\n<li><strong>Rom\u00eania<\/strong><\/li>\r\n<li><strong>R\u00fassia<\/strong><\/li>\r\n<li><strong>S\u00e9rvia<\/strong><\/li>\r\n<li><strong>Ucr\u00e2nia<\/strong><\/li>\r\n<li><strong>Reino Unido<\/strong><\/li>\r\n<\/ul>\r\n<h2>\r\n\t\u00c1SIA\r\n\t<\/h2>\r\n\t\t\t\t\t\t\t<img loading=\"lazy\" decoding=\"async\" src=\"https:\/\/www.9septembar.com\/wp-content\/uploads\/2022\/01\/ASIA.png\" alt=\"ASIA\" itemprop=\"image\" height=\"800\" width=\"1025\" title=\"ASIA\" onerror=\"this.style.display='none'\" srcset=\"data:image\/svg+xml;utf8,&lt;svg%20xmlns=&quot;http:\/\/www.w3.org\/2000\/svg&quot;%20viewBox=&quot;0%200%201025%20800&quot;%20height=&quot;800px&quot;%20width=&quot;1025px&quot;\/&gt;\" data-srcset=\"https:\/\/www.9septembar.com\/wp-content\/uploads\/2022\/01\/ASIA.png 1025w, https:\/\/www.9septembar.com\/wp-content\/uploads\/2022\/01\/ASIA-300x234.png 300w, https:\/\/www.9septembar.com\/wp-content\/uploads\/2022\/01\/ASIA-768x599.png 768w, https:\/\/www.9septembar.com\/wp-content\/uploads\/2022\/01\/ASIA-630x492.png 630w, https:\/\/www.9septembar.com\/wp-content\/uploads\/2022\/01\/ASIA-420x328.png 420w, https:\/\/www.9septembar.com\/wp-content\/uploads\/2022\/01\/ASIA-840x656.png 840w, https:\/\/www.9septembar.com\/wp-content\/uploads\/2022\/01\/ASIA-315x246.png 315w\" sizes=\"auto, (max-width: 1025px) 100vw, 1025px\" \/>\t\t\t\t\t\t\t\r\n\t<ul>\r\n<li><strong>Ar\u00e1bia Saudita<\/strong><\/li>\r\n<li><strong>Emirados \u00c1rabes Unidos<\/strong><\/li>\r\n<li><strong>Filipinas<\/strong><\/li>\r\n<li><strong>Ir\u00e3<\/strong><\/li>\r\n<li><strong>Sri Lanka<\/strong><\/li>\r\n<li><strong>Turquia<\/strong><\/li>\r\n<li><strong>Uzbequist\u00e3o<\/strong><\/li>\r\n<\/ul>\r\n<h2>\r\n\tAM\u00c9RICA DO NORTE\r\n\t<\/h2>\r\n\t\t\t\t\t\t\t<img loading=\"lazy\" decoding=\"async\" src=\"https:\/\/www.9septembar.com\/wp-content\/uploads\/2022\/01\/NORTH-AMERICA.png\" alt=\"NORTH-AMERICA\" itemprop=\"image\" height=\"800\" width=\"1025\" title=\"NORTH-AMERICA\" onerror=\"this.style.display='none'\" srcset=\"data:image\/svg+xml;utf8,&lt;svg%20xmlns=&quot;http:\/\/www.w3.org\/2000\/svg&quot;%20viewBox=&quot;0%200%201025%20800&quot;%20height=&quot;800px&quot;%20width=&quot;1025px&quot;\/&gt;\" data-srcset=\"https:\/\/www.9septembar.com\/wp-content\/uploads\/2022\/01\/NORTH-AMERICA.png 1025w, https:\/\/www.9septembar.com\/wp-content\/uploads\/2022\/01\/NORTH-AMERICA-300x234.png 300w, https:\/\/www.9septembar.com\/wp-content\/uploads\/2022\/01\/NORTH-AMERICA-768x599.png 768w, https:\/\/www.9septembar.com\/wp-content\/uploads\/2022\/01\/NORTH-AMERICA-630x492.png 630w, https:\/\/www.9septembar.com\/wp-content\/uploads\/2022\/01\/NORTH-AMERICA-420x328.png 420w, https:\/\/www.9septembar.com\/wp-content\/uploads\/2022\/01\/NORTH-AMERICA-840x656.png 840w, https:\/\/www.9septembar.com\/wp-content\/uploads\/2022\/01\/NORTH-AMERICA-315x246.png 315w\" sizes=\"auto, (max-width: 1025px) 100vw, 1025px\" \/>\t\t\t\t\t\t\t\r\n\t<ul>\r\n<li><strong>Canad\u00e1<\/strong><\/li>\r\n<li><strong>EUA<\/strong><\/li>\r\n<li><strong>Honduras<\/strong><\/li>\r\n<li><strong>M\u00e9xico<\/strong><\/li>\r\n<\/ul>\r\n<h2>\r\n\tAM\u00c9RICA DO SUL\r\n\t<\/h2>\r\n\t\t\t\t\t\t\t<img loading=\"lazy\" decoding=\"async\" src=\"https:\/\/www.9septembar.com\/wp-content\/uploads\/2022\/01\/SOUTH-AMERICA.png\" alt=\"SOUTH-AMERICA\" itemprop=\"image\" height=\"800\" width=\"1025\" title=\"SOUTH-AMERICA\" onerror=\"this.style.display='none'\" srcset=\"data:image\/svg+xml;utf8,&lt;svg%20xmlns=&quot;http:\/\/www.w3.org\/2000\/svg&quot;%20viewBox=&quot;0%200%201025%20800&quot;%20height=&quot;800px&quot;%20width=&quot;1025px&quot;\/&gt;\" data-srcset=\"https:\/\/www.9septembar.com\/wp-content\/uploads\/2022\/01\/SOUTH-AMERICA.png 1025w, https:\/\/www.9septembar.com\/wp-content\/uploads\/2022\/01\/SOUTH-AMERICA-300x234.png 300w, https:\/\/www.9septembar.com\/wp-content\/uploads\/2022\/01\/SOUTH-AMERICA-768x599.png 768w, https:\/\/www.9septembar.com\/wp-content\/uploads\/2022\/01\/SOUTH-AMERICA-630x492.png 630w, https:\/\/www.9septembar.com\/wp-content\/uploads\/2022\/01\/SOUTH-AMERICA-420x328.png 420w, https:\/\/www.9septembar.com\/wp-content\/uploads\/2022\/01\/SOUTH-AMERICA-840x656.png 840w, https:\/\/www.9septembar.com\/wp-content\/uploads\/2022\/01\/SOUTH-AMERICA-315x246.png 315w\" sizes=\"auto, (max-width: 1025px) 100vw, 1025px\" \/>\t\t\t\t\t\t\t\r\n\t<ul>\r\n<li><strong>Bol\u00edvia<\/strong><\/li>\r\n<li><strong>Brazil<\/strong><\/li>\r\n<li><strong>Chile<\/strong><\/li>\r\n<li><strong>Equador<\/strong><\/li>\r\n<li><strong>Peru<\/strong><\/li>\r\n<li><strong>Trinidad e Tobago<\/strong><\/li>\r\n<li><strong>Uruguay<\/strong><\/li>\r\n<li><strong>Venezuela<\/strong><\/li>\r\n<\/ul>\r\n<h2>\r\n\t\u00c1FRICA\r\n\t<\/h2>\r\n\t\t\t\t\t\t\t<img loading=\"lazy\" decoding=\"async\" src=\"https:\/\/www.9septembar.com\/wp-content\/uploads\/2022\/01\/AFRICA.png\" alt=\"AFRICA\" itemprop=\"image\" height=\"800\" width=\"1025\" title=\"AFRICA\" onerror=\"this.style.display='none'\" srcset=\"data:image\/svg+xml;utf8,&lt;svg%20xmlns=&quot;http:\/\/www.w3.org\/2000\/svg&quot;%20viewBox=&quot;0%200%201025%20800&quot;%20height=&quot;800px&quot;%20width=&quot;1025px&quot;\/&gt;\" data-srcset=\"https:\/\/www.9septembar.com\/wp-content\/uploads\/2022\/01\/AFRICA.png 1025w, https:\/\/www.9septembar.com\/wp-content\/uploads\/2022\/01\/AFRICA-300x234.png 300w, https:\/\/www.9septembar.com\/wp-content\/uploads\/2022\/01\/AFRICA-768x599.png 768w, https:\/\/www.9septembar.com\/wp-content\/uploads\/2022\/01\/AFRICA-630x492.png 630w, https:\/\/www.9septembar.com\/wp-content\/uploads\/2022\/01\/AFRICA-420x328.png 420w, https:\/\/www.9septembar.com\/wp-content\/uploads\/2022\/01\/AFRICA-840x656.png 840w, https:\/\/www.9septembar.com\/wp-content\/uploads\/2022\/01\/AFRICA-315x246.png 315w\" sizes=\"auto, (max-width: 1025px) 100vw, 1025px\" \/>\t\t\t\t\t\t\t\r\n\t<ul>\r\n<li><strong>Arg\u00e9lia<\/strong><\/li>\r\n<li><strong>Angola<\/strong><\/li>\r\n<li><strong>Camar\u00f5es<\/strong><\/li>\r\n<li><strong>Costa do Marfim<\/strong><\/li>\r\n<li><strong>Egito<\/strong><\/li>\r\n<li><strong>Gab\u00e3o<\/strong><\/li>\r\n<li><strong>Gana<\/strong><\/li>\r\n<li><strong>L\u00edbia<\/strong><\/li>\r\n<li><strong>Madag\u00e1scar<\/strong><\/li>\r\n<li><strong>Maur\u00edcio<\/strong><\/li>\r\n<li><strong>Marrocos<\/strong><\/li>\r\n<li><strong>Nig\u00e9ria<\/strong><\/li>\r\n<li><strong>Qu\u00eania<\/strong><\/li>\r\n<li><strong>Rep\u00fablica Sul-Africana<\/strong><\/li>\r\n<li><strong>Senegal<\/strong><\/li>\r\n<li><strong>Tun\u00edsia<\/strong><\/li>\r\n<\/ul>\r\n<h2>\r\n\tAUSTR\u00c1LIA\r\n\t<\/h2>\r\n\t\t\t\t\t\t\t<img loading=\"lazy\" decoding=\"async\" src=\"https:\/\/www.9septembar.com\/wp-content\/uploads\/2022\/01\/AUSTRALIA.png\" alt=\"AUSTRALIA\" itemprop=\"image\" height=\"800\" width=\"1025\" title=\"AUSTRALIA\" onerror=\"this.style.display='none'\" srcset=\"data:image\/svg+xml;utf8,&lt;svg%20xmlns=&quot;http:\/\/www.w3.org\/2000\/svg&quot;%20viewBox=&quot;0%200%201025%20800&quot;%20height=&quot;800px&quot;%20width=&quot;1025px&quot;\/&gt;\" data-srcset=\"https:\/\/www.9septembar.com\/wp-content\/uploads\/2022\/01\/AUSTRALIA.png 1025w, https:\/\/www.9septembar.com\/wp-content\/uploads\/2022\/01\/AUSTRALIA-300x234.png 300w, https:\/\/www.9septembar.com\/wp-content\/uploads\/2022\/01\/AUSTRALIA-768x599.png 768w, https:\/\/www.9septembar.com\/wp-content\/uploads\/2022\/01\/AUSTRALIA-630x492.png 630w, https:\/\/www.9septembar.com\/wp-content\/uploads\/2022\/01\/AUSTRALIA-420x328.png 420w, https:\/\/www.9septembar.com\/wp-content\/uploads\/2022\/01\/AUSTRALIA-840x656.png 840w, https:\/\/www.9septembar.com\/wp-content\/uploads\/2022\/01\/AUSTRALIA-315x246.png 315w\" sizes=\"auto, (max-width: 1025px) 100vw, 1025px\" \/>\t\t\t\t\t\t\t\r\n\t<ul>\r\n<li><strong>Nova Zel\u00e2ndia<\/strong><\/li>\r\n<\/ul>\r\n\r\n<\/div><!-- .vgblk-rw-wrapper -->","protected":false},"excerpt":{"rendered":"<p>EUROPA Alemanha Bielorr\u00fassia B\u00e9lgica B\u00f3snia e Herzegovina Bulg\u00e1ria Eslov\u00e1quia Eslov\u00eania Espanha Fran\u00e7a Gr\u00e9cia Hungria It\u00e1lia L\u00edbano Pol\u00f4nia Rep\u00fablica Checa Rom\u00eania R\u00fassia S\u00e9rvia Ucr\u00e2nia Reino Unido \u00c1SIA Ar\u00e1bia Saudita Emirados \u00c1rabes Unidos Filipinas Ir\u00e3 Sri Lanka Turquia Uzbequist\u00e3o AM\u00c9RICA DO NORTE Canad\u00e1 EUA Honduras M\u00e9xico AM\u00c9RICA DO SUL Bol\u00edvia Brazil Chile Equador Peru Trinidad e Tobago&#8230;<\/p>\n","protected":false},"author":1,"featured_media":0,"parent":0,"menu_order":0,"comment_status":"closed","ping_status":"closed","template":"","meta":{"inline_featured_image":false,"footnotes":""},"class_list":["post-19196","page","type-page","status-publish","hentry"],"yoast_head":"<!-- This site is optimized with the Yoast SEO plugin v18.5.1 - https:\/\/yoast.com\/wordpress\/plugins\/seo\/ -->\n<title>References PT - 9.septembar<\/title>\n<meta name=\"robots\" content=\"index, follow, max-snippet:-1, max-image-preview:large, max-video-preview:-1\" \/>\n<link rel=\"canonical\" href=\"https:\/\/www.9septembar.com\/?page_id=19196&#038;lang=pt\" \/>\n<meta property=\"og:locale\" content=\"en_US\" \/>\n<meta property=\"og:type\" content=\"article\" \/>\n<meta property=\"og:title\" content=\"References PT - 9.septembar\" \/>\n<meta property=\"og:description\" content=\"EUROPA Alemanha Bielorr\u00fassia B\u00e9lgica B\u00f3snia e Herzegovina Bulg\u00e1ria Eslov\u00e1quia Eslov\u00eania Espanha Fran\u00e7a Gr\u00e9cia Hungria It\u00e1lia L\u00edbano Pol\u00f4nia Rep\u00fablica Checa Rom\u00eania R\u00fassia S\u00e9rvia Ucr\u00e2nia Reino Unido \u00c1SIA Ar\u00e1bia Saudita Emirados \u00c1rabes Unidos Filipinas Ir\u00e3 Sri Lanka Turquia Uzbequist\u00e3o AM\u00c9RICA DO NORTE Canad\u00e1 EUA Honduras M\u00e9xico AM\u00c9RICA DO SUL Bol\u00edvia Brazil Chile Equador Peru Trinidad e Tobago...\" \/>\n<meta property=\"og:url\" content=\"https:\/\/www.9septembar.com\/?page_id=19196&amp;lang=pt\" \/>\n<meta property=\"og:site_name\" content=\"9.septembar\" \/>\n<meta property=\"article:modified_time\" content=\"2024-03-01T12:09:34+00:00\" \/>\n<meta property=\"og:image\" content=\"https:\/\/www.9septembar.com\/wp-content\/uploads\/2022\/01\/EUROPA.png\" \/>\n<meta name=\"twitter:card\" content=\"summary_large_image\" \/>\n<meta name=\"twitter:label1\" content=\"Est. reading time\" \/>\n\t<meta name=\"twitter:data1\" content=\"1 minute\" \/>\n<script type=\"application\/ld+json\" class=\"yoast-schema-graph\">{\"@context\":\"https:\/\/schema.org\",\"@graph\":[{\"@type\":\"WebSite\",\"@id\":\"https:\/\/www.9septembar.com\/#website\",\"url\":\"https:\/\/www.9septembar.com\/\",\"name\":\"9.septembar\",\"description\":\"\",\"potentialAction\":[{\"@type\":\"SearchAction\",\"target\":{\"@type\":\"EntryPoint\",\"urlTemplate\":\"https:\/\/www.9septembar.com\/?s={search_term_string}\"},\"query-input\":\"required name=search_term_string\"}],\"inLanguage\":\"en-US\"},{\"@type\":\"ImageObject\",\"@id\":\"https:\/\/www.9septembar.com\/?page_id=19196&lang=pt#primaryimage\",\"inLanguage\":\"en-US\",\"url\":\"https:\/\/www.9septembar.com\/wp-content\/uploads\/2022\/01\/EUROPA.png\",\"contentUrl\":\"https:\/\/www.9septembar.com\/wp-content\/uploads\/2022\/01\/EUROPA.png\",\"width\":1025,\"height\":800},{\"@type\":\"WebPage\",\"@id\":\"https:\/\/www.9septembar.com\/?page_id=19196&lang=pt#webpage\",\"url\":\"https:\/\/www.9septembar.com\/?page_id=19196&lang=pt\",\"name\":\"References PT - 9.septembar\",\"isPartOf\":{\"@id\":\"https:\/\/www.9septembar.com\/#website\"},\"primaryImageOfPage\":{\"@id\":\"https:\/\/www.9septembar.com\/?page_id=19196&lang=pt#primaryimage\"},\"datePublished\":\"2024-02-21T15:27:40+00:00\",\"dateModified\":\"2024-03-01T12:09:34+00:00\",\"breadcrumb\":{\"@id\":\"https:\/\/www.9septembar.com\/?page_id=19196&lang=pt#breadcrumb\"},\"inLanguage\":\"en-US\",\"potentialAction\":[{\"@type\":\"ReadAction\",\"target\":[\"https:\/\/www.9septembar.com\/?page_id=19196&lang=pt\"]}]},{\"@type\":\"BreadcrumbList\",\"@id\":\"https:\/\/www.9septembar.com\/?page_id=19196&lang=pt#breadcrumb\",\"itemListElement\":[{\"@type\":\"ListItem\",\"position\":1,\"name\":\"Home\",\"item\":\"https:\/\/www.9septembar.com\/?page_id=19116&lang=pt\"},{\"@type\":\"ListItem\",\"position\":2,\"name\":\"References PT\"}]}]}<\/script>\n<!-- \/ Yoast SEO plugin. -->","yoast_head_json":{"title":"References PT - 9.septembar","robots":{"index":"index","follow":"follow","max-snippet":"max-snippet:-1","max-image-preview":"max-image-preview:large","max-video-preview":"max-video-preview:-1"},"canonical":"https:\/\/www.9septembar.com\/?page_id=19196&lang=pt","og_locale":"en_US","og_type":"article","og_title":"References PT - 9.septembar","og_description":"EUROPA Alemanha Bielorr\u00fassia B\u00e9lgica B\u00f3snia e Herzegovina Bulg\u00e1ria Eslov\u00e1quia Eslov\u00eania Espanha Fran\u00e7a Gr\u00e9cia Hungria It\u00e1lia L\u00edbano Pol\u00f4nia Rep\u00fablica Checa Rom\u00eania R\u00fassia S\u00e9rvia Ucr\u00e2nia Reino Unido \u00c1SIA Ar\u00e1bia Saudita Emirados \u00c1rabes Unidos Filipinas Ir\u00e3 Sri Lanka Turquia Uzbequist\u00e3o AM\u00c9RICA DO NORTE Canad\u00e1 EUA Honduras M\u00e9xico AM\u00c9RICA DO SUL Bol\u00edvia Brazil Chile Equador Peru Trinidad e Tobago...","og_url":"https:\/\/www.9septembar.com\/?page_id=19196&lang=pt","og_site_name":"9.septembar","article_modified_time":"2024-03-01T12:09:34+00:00","og_image":[{"url":"https:\/\/www.9septembar.com\/wp-content\/uploads\/2022\/01\/EUROPA.png"}],"twitter_card":"summary_large_image","twitter_misc":{"Est. reading time":"1 minute"},"schema":{"@context":"https:\/\/schema.org","@graph":[{"@type":"WebSite","@id":"https:\/\/www.9septembar.com\/#website","url":"https:\/\/www.9septembar.com\/","name":"9.septembar","description":"","potentialAction":[{"@type":"SearchAction","target":{"@type":"EntryPoint","urlTemplate":"https:\/\/www.9septembar.com\/?s={search_term_string}"},"query-input":"required name=search_term_string"}],"inLanguage":"en-US"},{"@type":"ImageObject","@id":"https:\/\/www.9septembar.com\/?page_id=19196&lang=pt#primaryimage","inLanguage":"en-US","url":"https:\/\/www.9septembar.com\/wp-content\/uploads\/2022\/01\/EUROPA.png","contentUrl":"https:\/\/www.9septembar.com\/wp-content\/uploads\/2022\/01\/EUROPA.png","width":1025,"height":800},{"@type":"WebPage","@id":"https:\/\/www.9septembar.com\/?page_id=19196&lang=pt#webpage","url":"https:\/\/www.9septembar.com\/?page_id=19196&lang=pt","name":"References PT - 9.septembar","isPartOf":{"@id":"https:\/\/www.9septembar.com\/#website"},"primaryImageOfPage":{"@id":"https:\/\/www.9septembar.com\/?page_id=19196&lang=pt#primaryimage"},"datePublished":"2024-02-21T15:27:40+00:00","dateModified":"2024-03-01T12:09:34+00:00","breadcrumb":{"@id":"https:\/\/www.9septembar.com\/?page_id=19196&lang=pt#breadcrumb"},"inLanguage":"en-US","potentialAction":[{"@type":"ReadAction","target":["https:\/\/www.9septembar.com\/?page_id=19196&lang=pt"]}]},{"@type":"BreadcrumbList","@id":"https:\/\/www.9septembar.com\/?page_id=19196&lang=pt#breadcrumb","itemListElement":[{"@type":"ListItem","position":1,"name":"Home","item":"https:\/\/www.9septembar.com\/?page_id=19116&lang=pt"},{"@type":"ListItem","position":2,"name":"References PT"}]}]}},"jetpack_sharing_enabled":true,"_links":{"self":[{"href":"https:\/\/www.9septembar.com\/index.php?rest_route=\/wp\/v2\/pages\/19196","targetHints":{"allow":["GET"]}}],"collection":[{"href":"https:\/\/www.9septembar.com\/index.php?rest_route=\/wp\/v2\/pages"}],"about":[{"href":"https:\/\/www.9septembar.com\/index.php?rest_route=\/wp\/v2\/types\/page"}],"author":[{"embeddable":true,"href":"https:\/\/www.9septembar.com\/index.php?rest_route=\/wp\/v2\/users\/1"}],"replies":[{"embeddable":true,"href":"https:\/\/www.9septembar.com\/index.php?rest_route=%2Fwp%2Fv2%2Fcomments&post=19196"}],"version-history":[{"count":4,"href":"https:\/\/www.9septembar.com\/index.php?rest_route=\/wp\/v2\/pages\/19196\/revisions"}],"predecessor-version":[{"id":19200,"href":"https:\/\/www.9septembar.com\/index.php?rest_route=\/wp\/v2\/pages\/19196\/revisions\/19200"}],"wp:attachment":[{"href":"https:\/\/www.9septembar.com\/index.php?rest_route=%2Fwp%2Fv2%2Fmedia&parent=19196"}],"curies":[{"name":"wp","href":"https:\/\/api.w.org\/{rel}","templated":true}]}}